{"id":625,"date":"2021-12-16T16:37:50","date_gmt":"2021-12-16T15:37:50","guid":{"rendered":"https:\/\/ief-saarbruecken.eu\/nouvelles\/"},"modified":"2023-03-05T23:05:17","modified_gmt":"2023-03-05T22:05:17","slug":"nouvelles","status":"publish","type":"page","link":"https:\/\/ief-saarbruecken.eu\/fr\/nouvelles\/","title":{"rendered":"Derni\u00e8res nouvelles"},"content":{"rendered":"<!--themify_builder_content-->\n<div id=\"themify_builder_content-625\" data-postid=\"625\" class=\"themify_builder_content themify_builder_content-625 themify_builder tf_clear\">\n                    <div  data-lazy=\"1\" class=\"module_row themify_builder_row tb_yc2z350 tb_first tf_w\">\n                        <div class=\"row_inner col_align_top tb_col_count_1 tf_box tf_rel\">\n                        <div  data-lazy=\"1\" class=\"module_column tb-column col-full tb_w689351 first\">\n                    <!-- module post -->\n<div  class=\"module module-post tb_11dx936 \">\n    <div  class=\"builder-posts-wrap loops-wrapper list-thumb-image classic tf_clear tf_clearfix\" data-lazy=\"1\">\n    <article id=\"post-2988\" class=\"post tf_clearfix post-2988 type-post status-publish format-standard has-post-thumbnail hentry category-carriere category-ief-fr category-langue category-sprache-fr category-sprache has-post-title has-post-date has-post-category has-post-tag has-post-comment has-post-author \">\n\t    \n\t                <figure class=\"post-image tf_clearfix\">\n                                                            <a href=\"https:\/\/ief-saarbruecken.eu\/fr\/offre-de-stage-09-2026-03-2027\/\">\n                                        <img loading=\"lazy\" decoding=\"async\" width=\"2531\" height=\"1819\" src=\"https:\/\/ief-saarbruecken.eu\/wp-content\/uploads\/2022\/03\/sh_2110859897_klein.jpg\" class=\"wp-post-image wp-image-820\" title=\"sh_2110859897_klein\" alt=\"sh_2110859897_klein\" srcset=\"https:\/\/ief-saarbruecken.eu\/wp-content\/uploads\/2022\/03\/sh_2110859897_klein.jpg 2531w, https:\/\/ief-saarbruecken.eu\/wp-content\/uploads\/2022\/03\/sh_2110859897_klein-300x216.jpg 300w, https:\/\/ief-saarbruecken.eu\/wp-content\/uploads\/2022\/03\/sh_2110859897_klein-1024x736.jpg 1024w, https:\/\/ief-saarbruecken.eu\/wp-content\/uploads\/2022\/03\/sh_2110859897_klein-768x552.jpg 768w, https:\/\/ief-saarbruecken.eu\/wp-content\/uploads\/2022\/03\/sh_2110859897_klein-1536x1104.jpg 1536w, https:\/\/ief-saarbruecken.eu\/wp-content\/uploads\/2022\/03\/sh_2110859897_klein-2048x1472.jpg 2048w\" sizes=\"auto, (max-width: 2531px) 100vw, 2531px\" \/>                                                                    <\/a>\n                                                                <\/figure>\n                    \t<div class=\"post-content\">\n\t\t<div class=\"post-content-inner\">\n\n\t\t\t\t\t\t\t\t<div class=\"post-date-wrap post-date-inline\">\n\t\t<time class=\"post-date entry-date updated\" datetime=\"2026-04-20\">\n\t\t\t\t\t<span class=\"year\">20 avril 2026<\/span>\n\t\t\t\t<\/time>\n\t<\/div><!-- .post-date-wrap -->\n\t\t\t\t\n\t\t\t<h2 class=\"post-title entry-title\"><a href=\"https:\/\/ief-saarbruecken.eu\/fr\/offre-de-stage-09-2026-03-2027\/\">OFFRE DE STAGE 09\/2026-03\/2027<\/a><\/h2>\n\t\t\t\t\t\t\t<p class=\"post-meta entry-meta\">\n\t\t\t\t\t\t\t\t\t\t\t<span class=\"post-author\"><span class=\"author vcard\"><a class=\"url fn n\" href=\"https:\/\/ief-saarbruecken.eu\/fr\/author\/morgane-brette\/\" rel=\"author\">Morgane Brette<\/a><\/span><\/span>\n\t\t\t\t\t\n\t\t\t\t\t<span class=\"post-category\"><a href=\"https:\/\/ief-saarbruecken.eu\/fr\/category\/carriere\/\" rel=\"tag\" class=\"term-carriere\">Carri\u00e8re<\/a><span class=\"separator\">, <\/span><a href=\"https:\/\/ief-saarbruecken.eu\/fr\/category\/ief-fr\/\" rel=\"tag\" class=\"term-ief-fr\">ief<\/a><span class=\"separator\">, <\/span><a href=\"https:\/\/ief-saarbruecken.eu\/fr\/category\/langue\/\" rel=\"tag\" class=\"term-langue\">Langue<\/a><span class=\"separator\">, <\/span><a href=\"https:\/\/ief-saarbruecken.eu\/fr\/category\/sprache-fr\/\" rel=\"tag\" class=\"term-sprache-fr\">Sprache<\/a><span class=\"separator\">, <\/span><a href=\"https:\/\/ief-saarbruecken.eu\/category\/sprache\/\" rel=\"tag\" class=\"term-sprache\">Sprache<\/a><\/span>\n\t\t\t\t\t\t\t\t\t\t\t\t\t\t\t\t\n\t\t\t\t\t\t\t\t\t<\/p>\n\t\t\t\t<!-- \/post-meta -->\n\t\t\t\n\t\t\t\n\t\t\t        <div class=\"entry-content\">\n\n        \n            <p>STAGE de cinq-six mois (septembre 2026 &#8211; mars 2027) &#8211; Bureau de mission linguistique\/DELF-DALF<\/p>\n<p>L\u2019IEF est le centre d\u2019examen DELF-DALF de la Sarre et organise les \u00e9preuves des formats Prim, Scolaire, Scolaire int\u00e9gr\u00e9 A2-B1 et Tous Publics en partenariat avec diff\u00e9rents partenaires locaux. Dans ce cadre, l\u2019IEF recherche pour une p\u00e9riode de cinq-six mois un(e) stagiaire<\/p>\n\n                \n            \n        <\/div><!-- \/.entry-content -->\n        \n\t\t<\/div>\n\t\t<!-- \/.post-content-inner -->\n\t<\/div>\n\t<!-- \/.post-content -->\n\t\n<\/article>\n<!-- \/.post -->\n<article id=\"post-2312\" class=\"post tf_clearfix post-2312 type-post status-publish format-standard has-post-thumbnail hentry category-ief-fr category-langue category-sprache-fr has-post-title has-post-date has-post-category has-post-tag has-post-comment has-post-author \">\n\t    \n\t                <figure class=\"post-image tf_clearfix\">\n                                                            <a href=\"https:\/\/ief-saarbruecken.eu\/fr\/rappel-epreuves-dentrainement-pour-le-delf-scolaire-et-delf-dalf-tp\/\">\n                                        <img loading=\"lazy\" decoding=\"async\" width=\"2500\" height=\"1306\" src=\"https:\/\/ief-saarbruecken.eu\/wp-content\/uploads\/2025\/10\/FEI-campagne-promo-Post-Linkedinreussite-1200x627-1.jpg\" class=\"wp-post-image wp-image-2643\" title=\"FEI-campagne-promo-Post Linkedinreussite-1200x627\" alt=\"FEI-campagne-promo-Post Linkedinreussite-1200x627\" srcset=\"https:\/\/ief-saarbruecken.eu\/wp-content\/uploads\/2025\/10\/FEI-campagne-promo-Post-Linkedinreussite-1200x627-1.jpg 2500w, https:\/\/ief-saarbruecken.eu\/wp-content\/uploads\/2025\/10\/FEI-campagne-promo-Post-Linkedinreussite-1200x627-1-300x157.jpg 300w, https:\/\/ief-saarbruecken.eu\/wp-content\/uploads\/2025\/10\/FEI-campagne-promo-Post-Linkedinreussite-1200x627-1-1024x535.jpg 1024w, https:\/\/ief-saarbruecken.eu\/wp-content\/uploads\/2025\/10\/FEI-campagne-promo-Post-Linkedinreussite-1200x627-1-768x401.jpg 768w, https:\/\/ief-saarbruecken.eu\/wp-content\/uploads\/2025\/10\/FEI-campagne-promo-Post-Linkedinreussite-1200x627-1-1536x802.jpg 1536w, https:\/\/ief-saarbruecken.eu\/wp-content\/uploads\/2025\/10\/FEI-campagne-promo-Post-Linkedinreussite-1200x627-1-2048x1070.jpg 2048w\" sizes=\"auto, (max-width: 2500px) 100vw, 2500px\" \/>                                                                    <\/a>\n                                                                <\/figure>\n                    \t<div class=\"post-content\">\n\t\t<div class=\"post-content-inner\">\n\n\t\t\t\t\t\t\t\t<div class=\"post-date-wrap post-date-inline\">\n\t\t<time class=\"post-date entry-date updated\" datetime=\"2026-04-20\">\n\t\t\t\t\t<span class=\"year\">20 avril 2026<\/span>\n\t\t\t\t<\/time>\n\t<\/div><!-- .post-date-wrap -->\n\t\t\t\t\n\t\t\t<h2 class=\"post-title entry-title\"><a href=\"https:\/\/ief-saarbruecken.eu\/fr\/rappel-epreuves-dentrainement-pour-le-delf-scolaire-et-delf-dalf-tp\/\">RAPPEL ! Epreuves d\u2019entra\u00eenement pour le DELF-DALF TP<\/a><\/h2>\n\t\t\t\t\t\t\t<p class=\"post-meta entry-meta\">\n\t\t\t\t\t\t\t\t\t\t\t<span class=\"post-author\"><span class=\"author vcard\"><a class=\"url fn n\" href=\"https:\/\/ief-saarbruecken.eu\/fr\/author\/morgane-brette\/\" rel=\"author\">Morgane Brette<\/a><\/span><\/span>\n\t\t\t\t\t\n\t\t\t\t\t<span class=\"post-category\"><a href=\"https:\/\/ief-saarbruecken.eu\/fr\/category\/ief-fr\/\" rel=\"tag\" class=\"term-ief-fr\">ief<\/a><span class=\"separator\">, <\/span><a href=\"https:\/\/ief-saarbruecken.eu\/fr\/category\/langue\/\" rel=\"tag\" class=\"term-langue\">Langue<\/a><span class=\"separator\">, <\/span><a href=\"https:\/\/ief-saarbruecken.eu\/fr\/category\/sprache-fr\/\" rel=\"tag\" class=\"term-sprache-fr\">Sprache<\/a><\/span>\n\t\t\t\t\t\t\t\t\t\t\t\t\t\t\t\t\n\t\t\t\t\t        <span class=\"post-comment\">\n        <a href=\"https:\/\/ief-saarbruecken.eu\/fr\/rappel-epreuves-dentrainement-pour-le-delf-scolaire-et-delf-dalf-tp\/#respond\">0<\/a><svg  class=\"tf_fa tf-fas-comment\" xmlns:xlink=\"http:\/\/www.w3.org\/1999\/xlink\" aria-hidden=\"true\"><use href=\"#tf-fas-comment\" xlink:href=\"#tf-fas-comment\"><\/use><\/svg>        <\/span>\n        \t\t\t\t<\/p>\n\t\t\t\t<!-- \/post-meta -->\n\t\t\t\n\t\t\t\n\t\t\t        <div class=\"entry-content\">\n\n        \n            <p>Comment se familiariser aux \u00e9preuves du DELF et mieux se pr\u00e9parer \u00e0 la situation d\u2019examen pour une passation en toute s\u00e9r\u00e9nit\u00e9 ? L\u2019IEF propose des \u00e9preuves d\u2019entra\u00eenement cibl\u00e9es sur les comp\u00e9tences r\u00e9ceptives. <\/p>\n\n                \n            \n        <\/div><!-- \/.entry-content -->\n        \n\t\t<\/div>\n\t\t<!-- \/.post-content-inner -->\n\t<\/div>\n\t<!-- \/.post-content -->\n\t\n<\/article>\n<!-- \/.post -->\n<article id=\"post-2515\" class=\"post tf_clearfix post-2515 type-post status-publish format-standard has-post-thumbnail hentry category-ief-fr category-sprache-fr has-post-title has-post-date has-post-category has-post-tag has-post-comment has-post-author \">\n\t    \n\t                <figure class=\"post-image tf_clearfix\">\n                                                            <a href=\"https:\/\/ief-saarbruecken.eu\/fr\/certification-delf-dalf-pour-tous\/\">\n                                        <img loading=\"lazy\" decoding=\"async\" width=\"840\" height=\"500\" src=\"https:\/\/ief-saarbruecken.eu\/wp-content\/uploads\/2026\/01\/Faltblatt-EE-TP-840-x-500-px-.png\" class=\"wp-post-image wp-image-2982\" title=\"Faltblatt EE + TP (840 x 500 px)\" alt=\"Faltblatt EE + TP (840 x 500 px)\" srcset=\"https:\/\/ief-saarbruecken.eu\/wp-content\/uploads\/2026\/01\/Faltblatt-EE-TP-840-x-500-px-.png 840w, https:\/\/ief-saarbruecken.eu\/wp-content\/uploads\/2026\/01\/Faltblatt-EE-TP-840-x-500-px--300x179.png 300w, https:\/\/ief-saarbruecken.eu\/wp-content\/uploads\/2026\/01\/Faltblatt-EE-TP-840-x-500-px--768x457.png 768w\" sizes=\"auto, (max-width: 840px) 100vw, 840px\" \/>                                                                    <\/a>\n                                                                <\/figure>\n                    \t<div class=\"post-content\">\n\t\t<div class=\"post-content-inner\">\n\n\t\t\t\t\t\t\t\t<div class=\"post-date-wrap post-date-inline\">\n\t\t<time class=\"post-date entry-date updated\" datetime=\"2026-03-04\">\n\t\t\t\t\t<span class=\"year\">4 mars 2026<\/span>\n\t\t\t\t<\/time>\n\t<\/div><!-- .post-date-wrap -->\n\t\t\t\t\n\t\t\t<h2 class=\"post-title entry-title\"><a href=\"https:\/\/ief-saarbruecken.eu\/fr\/certification-delf-dalf-pour-tous\/\">Certifications DELF-DALF \u00ab\u00a0tout public\u00a0\u00bb &#8211; session juin 2026<\/a><\/h2>\n\t\t\t\t\t\t\t<p class=\"post-meta entry-meta\">\n\t\t\t\t\t\t\t\t\t\t\t<span class=\"post-author\"><span class=\"author vcard\"><a class=\"url fn n\" href=\"https:\/\/ief-saarbruecken.eu\/fr\/author\/morgane-brette\/\" rel=\"author\">Morgane Brette<\/a><\/span><\/span>\n\t\t\t\t\t\n\t\t\t\t\t<span class=\"post-category\"><a href=\"https:\/\/ief-saarbruecken.eu\/fr\/category\/ief-fr\/\" rel=\"tag\" class=\"term-ief-fr\">ief<\/a><span class=\"separator\">, <\/span><a href=\"https:\/\/ief-saarbruecken.eu\/fr\/category\/sprache-fr\/\" rel=\"tag\" class=\"term-sprache-fr\">Sprache<\/a><\/span>\n\t\t\t\t\t\t\t\t\t\t\t\t\t\t\t\t\n\t\t\t\t\t\t\t\t\t<\/p>\n\t\t\t\t<!-- \/post-meta -->\n\t\t\t\n\t\t\t\n\t\t\t        <div class=\"entry-content\">\n\n        \n            <p>Vous souhaitez commencer l&rsquo;ann\u00e9e 2026 et tenir vos bonnes r\u00e9solutions en faisant reconna\u00eetre votre niveau de fran\u00e7ais ?<\/p>\n<p>Nous vous proposons une premi\u00e8re session les 12, 13 et 14 mars dans les locaux du Sprachenzentrum de l&rsquo;Universit\u00e9 de la Sarre.\u00a0Inscrivez-vous jusqu&rsquo;au 23\/02.<\/p>\n\n                \n            \n        <\/div><!-- \/.entry-content -->\n        \n\t\t<\/div>\n\t\t<!-- \/.post-content-inner -->\n\t<\/div>\n\t<!-- \/.post-content -->\n\t\n<\/article>\n<!-- \/.post -->\n<article id=\"post-2806\" class=\"post tf_clearfix post-2806 type-post status-publish format-standard has-post-thumbnail hentry category-blog category-ief category-ief-fr category-programm category-programme has-post-title has-post-date has-post-category has-post-tag has-post-comment has-post-author \">\n\t    \n\t                <figure class=\"post-image tf_clearfix\">\n                                                            <a href=\"https:\/\/ief-saarbruecken.eu\/fr\/28-11-2024-imik-lecture-publique-et-ouverture-du-concours-dillustration-3-2-2-2-2\/\">\n                                        <img loading=\"lazy\" decoding=\"async\" width=\"2560\" height=\"1524\" src=\"https:\/\/ief-saarbruecken.eu\/wp-content\/uploads\/2026\/01\/2026-Nouveau-Programme-2026-jan-Maerz-scaled.jpg\" class=\"wp-post-image wp-image-2804\" title=\"2026 Nouveau Programme 2026 jan - M\u00e4rz\" alt=\"2026 Nouveau Programme 2026 jan - M\u00e4rz\" srcset=\"https:\/\/ief-saarbruecken.eu\/wp-content\/uploads\/2026\/01\/2026-Nouveau-Programme-2026-jan-Maerz-scaled.jpg 2560w, https:\/\/ief-saarbruecken.eu\/wp-content\/uploads\/2026\/01\/2026-Nouveau-Programme-2026-jan-Maerz-300x179.jpg 300w, https:\/\/ief-saarbruecken.eu\/wp-content\/uploads\/2026\/01\/2026-Nouveau-Programme-2026-jan-Maerz-1024x610.jpg 1024w, https:\/\/ief-saarbruecken.eu\/wp-content\/uploads\/2026\/01\/2026-Nouveau-Programme-2026-jan-Maerz-768x457.jpg 768w, https:\/\/ief-saarbruecken.eu\/wp-content\/uploads\/2026\/01\/2026-Nouveau-Programme-2026-jan-Maerz-1536x914.jpg 1536w, https:\/\/ief-saarbruecken.eu\/wp-content\/uploads\/2026\/01\/2026-Nouveau-Programme-2026-jan-Maerz-2048x1219.jpg 2048w\" sizes=\"auto, (max-width: 2560px) 100vw, 2560px\" \/>                                                                    <\/a>\n                                                                <\/figure>\n                    \t<div class=\"post-content\">\n\t\t<div class=\"post-content-inner\">\n\n\t\t\t\t\t\t\t\t<div class=\"post-date-wrap post-date-inline\">\n\t\t<time class=\"post-date entry-date updated\" datetime=\"2026-01-04\">\n\t\t\t\t\t<span class=\"year\">4 janvier 2026<\/span>\n\t\t\t\t<\/time>\n\t<\/div><!-- .post-date-wrap -->\n\t\t\t\t\n\t\t\t<h2 class=\"post-title entry-title\"><a href=\"https:\/\/ief-saarbruecken.eu\/fr\/28-11-2024-imik-lecture-publique-et-ouverture-du-concours-dillustration-3-2-2-2-2\/\">PROGRAMME CULTUREL ET LINGUISTIQUE 01 \u2013 03 2026<\/a><\/h2>\n\t\t\t\t\t\t\t<p class=\"post-meta entry-meta\">\n\t\t\t\t\t\t\t\t\t\t\t<span class=\"post-author\"><span class=\"author vcard\"><a class=\"url fn n\" href=\"https:\/\/ief-saarbruecken.eu\/fr\/author\/marion-schumacher\/\" rel=\"author\">Marion Schumacher<\/a><\/span><\/span>\n\t\t\t\t\t\n\t\t\t\t\t<span class=\"post-category\"><a href=\"https:\/\/ief-saarbruecken.eu\/category\/blog\/\" rel=\"tag\" class=\"term-blog\">Blog<\/a><span class=\"separator\">, <\/span><a href=\"https:\/\/ief-saarbruecken.eu\/category\/ief\/\" rel=\"tag\" class=\"term-ief\">ief<\/a><span class=\"separator\">, <\/span><a href=\"https:\/\/ief-saarbruecken.eu\/fr\/category\/ief-fr\/\" rel=\"tag\" class=\"term-ief-fr\">ief<\/a><span class=\"separator\">, <\/span><a href=\"https:\/\/ief-saarbruecken.eu\/category\/programm\/\" rel=\"tag\" class=\"term-programm\">Programm<\/a><span class=\"separator\">, <\/span><a href=\"https:\/\/ief-saarbruecken.eu\/fr\/category\/programme\/\" rel=\"tag\" class=\"term-programme\">Programme<\/a><\/span>\n\t\t\t\t\t\t\t\t\t\t\t\t\t\t\t\t\n\t\t\t\t\t        <span class=\"post-comment\">\n        <a href=\"https:\/\/ief-saarbruecken.eu\/fr\/28-11-2024-imik-lecture-publique-et-ouverture-du-concours-dillustration-3-2-2-2-2\/#respond\">0<\/a><svg  class=\"tf_fa tf-fas-comment\" xmlns:xlink=\"http:\/\/www.w3.org\/1999\/xlink\" aria-hidden=\"true\"><use href=\"#tf-fas-comment\" xlink:href=\"#tf-fas-comment\"><\/use><\/svg>        <\/span>\n        \t\t\t\t<\/p>\n\t\t\t\t<!-- \/post-meta -->\n\t\t\t\n\t\t\t\n\t\t\t        <div class=\"entry-content\">\n\n        \n            <p>\ud83d\udcdaLitt\u00e9rature \ud83d\udde3Langues \ud83c\udfa5Cin\u00e9ma \ud83c\udfadTh\u00e9\u00e2tre \ud83c\udfb5Musique \ud83c\udfdb\ufe0fM\u00e9diath\u00e8que Nous sommes ravis de vous pr\u00e9senter nos manifestations pr\u00e9vues pour cette rentr\u00e9e. \u27a1\ufe0f T\u00e9l\u00e9chargez ici notre programme pour la saison janvier \u2013 mars. \ud83d\udcd6 Vous pr\u00e9f\u00e9rez une version imprim\u00e9e ? Retrouvez nos programmes \u00e0 la Villa Europa et bient\u00f4t dans la plupart des \u00e9tablissements culturels de Sarrebruck et ses [&hellip;]<\/p>\n\n                \n            \n        <\/div><!-- \/.entry-content -->\n        \n\t\t<\/div>\n\t\t<!-- \/.post-content-inner -->\n\t<\/div>\n\t<!-- \/.post-content -->\n\t\n<\/article>\n<!-- \/.post -->\n    <\/div><!-- .builder-posts-wrap -->\n            <\/div>\n<!-- \/module post -->\n            <\/div>\n                        <\/div>\n        <\/div>\n        <\/div>\n<!--\/themify_builder_content-->","protected":false},"excerpt":{"rendered":"","protected":false},"author":1,"featured_media":0,"parent":0,"menu_order":0,"comment_status":"closed","ping_status":"closed","template":"","meta":{"footnotes":""},"class_list":["post-625","page","type-page","status-publish","hentry","has-post-title","has-post-date","has-post-category","has-post-tag","has-post-comment","has-post-author",""],"builder_content":"","_links":{"self":[{"href":"https:\/\/ief-saarbruecken.eu\/fr\/wp-json\/wp\/v2\/pages\/625","targetHints":{"allow":["GET"]}}],"collection":[{"href":"https:\/\/ief-saarbruecken.eu\/fr\/wp-json\/wp\/v2\/pages"}],"about":[{"href":"https:\/\/ief-saarbruecken.eu\/fr\/wp-json\/wp\/v2\/types\/page"}],"author":[{"embeddable":true,"href":"https:\/\/ief-saarbruecken.eu\/fr\/wp-json\/wp\/v2\/users\/1"}],"replies":[{"embeddable":true,"href":"https:\/\/ief-saarbruecken.eu\/fr\/wp-json\/wp\/v2\/comments?post=625"}],"version-history":[{"count":0,"href":"https:\/\/ief-saarbruecken.eu\/fr\/wp-json\/wp\/v2\/pages\/625\/revisions"}],"wp:attachment":[{"href":"https:\/\/ief-saarbruecken.eu\/fr\/wp-json\/wp\/v2\/media?parent=625"}],"curies":[{"name":"wp","href":"https:\/\/api.w.org\/{rel}","templated":true}]}}