{"id":616,"date":"2021-12-07T21:28:46","date_gmt":"2021-12-07T20:28:46","guid":{"rendered":"https:\/\/ief-saarbruecken.eu\/preparation-aux-examens\/"},"modified":"2026-02-06T15:38:41","modified_gmt":"2026-02-06T14:38:41","slug":"preparation-aux-examens","status":"publish","type":"page","link":"https:\/\/ief-saarbruecken.eu\/fr\/certifications-delf-dalf\/preparation-aux-examens\/","title":{"rendered":"Pr\u00e9paration aux examens"},"content":{"rendered":"<!--themify_builder_content-->\n<div id=\"themify_builder_content-616\" data-postid=\"616\" class=\"themify_builder_content themify_builder_content-616 themify_builder tf_clear\">\n                    <div  data-lazy=\"1\" class=\"module_row themify_builder_row tb_0itb15 tb_first tf_w\">\n                        <div class=\"row_inner col_align_top tb_col_count_1 tf_box tf_rel\">\n                        <div  data-lazy=\"1\" class=\"module_column tb-column col-full tb_n93415 first\">\n                    <!-- module image -->\n<div  class=\"module module-image tb_12hu347 image-top   tf_mw\" data-lazy=\"1\">\n        <div class=\"image-wrap tf_rel tf_mw\">\n            <img loading=\"lazy\" decoding=\"async\" width=\"1500\" height=\"447\" src=\"https:\/\/ief-saarbruecken.eu\/wp-content\/uploads\/2021\/12\/themen-dialog.jpg\" class=\"wp-post-image wp-image-516\" title=\"ief themen dialog\" alt=\"ief themen dialog\" srcset=\"https:\/\/ief-saarbruecken.eu\/wp-content\/uploads\/2021\/12\/themen-dialog.jpg 1500w, https:\/\/ief-saarbruecken.eu\/wp-content\/uploads\/2021\/12\/themen-dialog-300x89.jpg 300w, https:\/\/ief-saarbruecken.eu\/wp-content\/uploads\/2021\/12\/themen-dialog-1024x305.jpg 1024w, https:\/\/ief-saarbruecken.eu\/wp-content\/uploads\/2021\/12\/themen-dialog-768x229.jpg 768w\" sizes=\"auto, (max-width: 1500px) 100vw, 1500px\" \/>    \n        <\/div>\n    <!-- \/image-wrap -->\n    \n        <\/div>\n<!-- \/module image -->        <\/div>\n                        <\/div>\n        <\/div>\n                        <div  data-lazy=\"1\" class=\"module_row themify_builder_row tb_bbf3208 tf_w\">\n                        <div class=\"row_inner col_align_top tb_col_count_2 tf_box tf_rel\">\n                        <div  data-lazy=\"1\" class=\"module_column tb-column col4-3 tb_6tfx000 first\">\n                    <!-- module text -->\n<div  class=\"module module-text tb_j3ek000   \" data-lazy=\"1\">\n        <div  class=\"tb_text_wrap\">\n        \n          <h2>Comment se pr\u00e9parer aux examens du DELF-DALF ?<\/h2>\n            <\/div>\n<\/div>\n<!-- \/module text -->        <\/div>\n                    <div  data-lazy=\"1\" class=\"module_column tb-column col4-1 tb_wjj0648 last\">\n                    <!-- module image -->\n<div  class=\"module module-image tb_i2dm633 image-top   tf_mw\" data-lazy=\"1\">\n        <div class=\"image-wrap tf_rel tf_mw\">\n            <img loading=\"lazy\" decoding=\"async\" width=\"1578\" height=\"395\" src=\"https:\/\/ief-saarbruecken.eu\/wp-content\/uploads\/2021\/12\/DELF-DALF.png\" class=\"wp-post-image wp-image-346\" title=\"DELF-DALF\" alt=\"DELF-DALF\" srcset=\"https:\/\/ief-saarbruecken.eu\/wp-content\/uploads\/2021\/12\/DELF-DALF.png 1578w, https:\/\/ief-saarbruecken.eu\/wp-content\/uploads\/2021\/12\/DELF-DALF-1024x256-300x75.png 300w, https:\/\/ief-saarbruecken.eu\/wp-content\/uploads\/2021\/12\/DELF-DALF-1024x256.png 1024w, https:\/\/ief-saarbruecken.eu\/wp-content\/uploads\/2021\/12\/DELF-DALF-768x192.png 768w, https:\/\/ief-saarbruecken.eu\/wp-content\/uploads\/2021\/12\/DELF-DALF-1536x384.png 1536w, https:\/\/ief-saarbruecken.eu\/wp-content\/uploads\/2021\/12\/DELF-DALF-1024x256-250x62.png 250w, https:\/\/ief-saarbruecken.eu\/wp-content\/uploads\/2021\/12\/DELF-DALF-1024x256-200x50.png 200w\" sizes=\"auto, (max-width: 1578px) 100vw, 1578px\" \/>    \n        <\/div>\n    <!-- \/image-wrap -->\n    \n        <\/div>\n<!-- \/module image -->        <\/div>\n                        <\/div>\n        <\/div>\n                        <div  data-lazy=\"1\" class=\"module_row themify_builder_row tb_2gg7514 tf_w\">\n                        <div class=\"row_inner col_align_top tb_col_count_1 tf_box tf_rel\">\n                        <div  data-lazy=\"1\" class=\"module_column tb-column col-full tb_hsgw515 first\">\n                    <!-- module text -->\n<div  class=\"module module-text tb_fozi139   \" data-lazy=\"1\">\n        <div  class=\"tb_text_wrap\">\n        <h3>Epreuves d&rsquo;entrainement \u00e0 l&rsquo;IEF &#8211; DELF-DALF \u00ab\u00a0tout public\u00a0\u00bb<\/h3>\n<p><span style=\"font-weight: bold;\">14\/02\/2026 &amp; 30\/05\/2026 | IEF | Villa Europa | Kohlweg 7 | 66123 Saarbr\u00fccken<\/span><\/p>\n<p><span style=\"font-weight: bold;\">Participation gratuite sous condition d&rsquo;inscription<br \/><\/span><\/p>\n<p>Comment se familiariser aux \u00e9preuves du DELF-DALF et mieux se pr\u00e9parer \u00e0 la situation d&rsquo;examen pour une passation en toute s\u00e9r\u00e9nit\u00e9 ? L&rsquo;IEF propose des \u00e9preuves d&rsquo;entra\u00eenement cibl\u00e9es sur les comp\u00e9tences r\u00e9ceptives. Les r\u00e9sultats, communiqu\u00e9s rapidement, permettent ainsi aux candidat.e.s de conna\u00eetre leur niveau avant de s&rsquo;inscrire d\u00e9finitivement aux \u00e9preuves officielles. <span style=\"mso-bidi-font-family: 'Times New Roman';\"><br \/><\/span><\/p>\n<p><strong>Pour obtenir le d\u00e9tail des niveaux et horaires propos\u00e9s, merci de consulter le formulaire ci-dessous.<\/strong><\/p>\n<p>D\u00e9lai d\u2019inscription : jusqu\u2019au <strong>02\/02\/2026 pour le 14\/02\/2026 <\/strong>et jusqu&rsquo;au<strong> 18\/05\/2026 pour le 30\/05\/2026<\/strong>. \u00a0IMPORTANT : il n\u2019y a que 20 places disponibles pour chaque date et heure. Veuillez remplir le formulaire d\u2019inscription et le renvoyer \u00e0 <a href=\"mailto:delf.saarbruecken@institutfrancais.de\">delf.saarbruecken@institutfrancais.de<\/a><br \/><br \/>Pour plus d&rsquo;informations sur le format et les avantages, cliquez <a href=\"https:\/\/www.france-education-international.fr\/article\/epreuves-entrainement-delf?langue=fr\">ici<\/a>.<\/p>    <\/div>\n<\/div>\n<!-- \/module text --><!-- module text -->\n<div  class=\"module module-text tb_f27k686   \" data-lazy=\"1\">\n        <div  class=\"tb_text_wrap\">\n        <h3>Formulaire d&rsquo;inscription aux \u00e9preuves d&rsquo;entrainement DELF-DALF \u00ab\u00a0tout public\u00a0\u00bb<\/h3>    <\/div>\n<\/div>\n<!-- \/module text --><!-- module buttons -->\n<div  class=\"module module-buttons tb_m9bd229 buttons-horizontal outline   rounded\" data-lazy=\"1\">\n        <div class=\"module-buttons-item tf_in_flx\">\n                        <a href=\"https:\/\/ief-saarbruecken.eu\/wp-content\/uploads\/2025\/11\/Anmeldeformular-DELF-DALF-TP_epreuve-entrainement_fev-mai_2026_neu.docx\" class=\"ui builder_button tf_in_flx transparent\" target=\"_blank\" rel=\"noopener\" download>\n                                    <em><svg  class=\"tf_fa tf-ti-download\" xmlns:xlink=\"http:\/\/www.w3.org\/1999\/xlink\" aria-hidden=\"true\"><use href=\"#tf-ti-download\" xlink:href=\"#tf-ti-download\"><\/use><\/svg><\/em>                                        Formulaire d'inscription                                        <\/a>\n                <\/div>\n            <\/div>\n<!-- \/module buttons -->\n<!-- module text -->\n<div  class=\"module module-text tb_syz7997   \" data-lazy=\"1\">\n        <div  class=\"tb_text_wrap\">\n        <h3>Epreuves d&rsquo;entra\u00eenement \u00e0 l&rsquo;IEF &#8211; DELF \u00ab\u00a0scolaire\u00a0\u00bb<\/h3>\n<p><span style=\"font-weight: bold;\">ANNUL\u00c9 ! 12-13\/02\/2026 | IEF | Villa Europa | Kohlweg 7 | 66123 Saarbr\u00fccken<\/span><\/p>\n<p><span style=\"font-weight: bold;\">Participation gratuite sous condition d&rsquo;inscription<\/span><\/p>\n<p class=\"Textbody\" style=\"margin-top: 6.0pt; text-align: justify; text-justify: inter-ideograph;\">Comment se familiariser aux \u00e9preuves du DELF-DALF et mieux se pr\u00e9parer \u00e0 la situation d&rsquo;examen pour une passation en toute s\u00e9r\u00e9nit\u00e9 ? L&rsquo;IEF propose des \u00e9preuves d&rsquo;entra\u00eenement cibl\u00e9es sur les comp\u00e9tences r\u00e9ceptives. Les r\u00e9sultats, communiqu\u00e9s rapidement, permettent ainsi aux candidat.e.s de conna\u00eetre leur niveau avant de s&rsquo;inscrire d\u00e9finitivement aux \u00e9preuves officielles. <span style=\"mso-bidi-font-family: 'Times New Roman';\"><br \/><\/span><\/p>\n<p><strong>Pour obtenir le d\u00e9tail des niveaux et horaires propos\u00e9s, merci de consulter le formulaire ci-dessous.<\/strong><\/p>\n<p>D\u00e9lai d&rsquo;inscription : jusqu&rsquo;au <strong>02\/02\/2026<\/strong>. IMPORTANT : il n&rsquo;y a que 20 places disponibles pour chaque date et heure. Veuillez remplir le formulaire d&rsquo;inscription et le renvoyer \u00e0 <a href=\"mailto:delf.saarbruecken@institutfrancais.de\">delf.saarbruecken@institutfrancais.de<\/a><\/p>\n<p>Pour plus d&rsquo;informations sur le format et les avantages, cliquez <a href=\"https:\/\/www.france-education-international.fr\/article\/epreuves-entrainement-delf?langue=fr\">ici<\/a>.<\/p>    <\/div>\n<\/div>\n<!-- \/module text --><!-- module text -->\n<div  class=\"module module-text tb_znwz724   \" data-lazy=\"1\">\n        <div  class=\"tb_text_wrap\">\n        <h3>Formulaire d&rsquo;inscription pour les \u00e9preuves d&rsquo;entra\u00eenement DELF Scolaire<\/h3>    <\/div>\n<\/div>\n<!-- \/module text -->        <\/div>\n                        <\/div>\n        <\/div>\n                        <div  data-lazy=\"1\" class=\"module_row themify_builder_row tb_6547196 tf_w\">\n                        <div class=\"row_inner col_align_top tb_col_count_1 tf_box tf_rel\">\n                        <div  data-lazy=\"1\" class=\"module_column tb-column col-full tb_l3va196 first\">\n                    <!-- module text -->\n<div  class=\"module module-text tb_0pe8196   \" data-lazy=\"1\">\n        <div  class=\"tb_text_wrap\">\n        \n          <h3>Litt\u00e9rature recommand\u00e9e<\/h3>\n            <\/div>\n<\/div>\n<!-- \/module text --><!-- module buttons -->\n<div  class=\"module module-buttons tb_i2j9283 buttons-horizontal outline   rounded\" data-lazy=\"1\">\n        <div class=\"module-buttons-item tf_in_flx\">\n                        <a href=\"https:\/\/liseo.france-education-international.fr\/site\/bibliographies\/bibliographie-ressources-preparation-delf-dalf.pdf\" class=\"ui builder_button tf_in_flx transparent\" target=\"_blank\" rel=\"noopener\" download>\n                                    <em><svg  class=\"tf_fa tf-ti-download\" xmlns:xlink=\"http:\/\/www.w3.org\/1999\/xlink\" aria-hidden=\"true\"><use href=\"#tf-ti-download\" xlink:href=\"#tf-ti-download\"><\/use><\/svg><\/em>                                        Ressources pour se pr\u00e9parer\n\n\naux dipl\u00f4mes DELF et DALF                                        <\/a>\n                <\/div>\n            <\/div>\n<!-- \/module buttons -->\n<!-- module buttons -->\n<div  class=\"module module-buttons tb_4lzh187 buttons-horizontal outline   rounded\" data-lazy=\"1\">\n        <div class=\"module-buttons-item tf_in_flx\">\n                        <a href=\"https:\/\/www.france-education-international.fr\/document\/cecrl\" class=\"ui builder_button tf_in_flx transparent\" target=\"_blank\" rel=\"noopener\" download>\n                                    <em><svg  class=\"tf_fa tf-ti-download\" xmlns:xlink=\"http:\/\/www.w3.org\/1999\/xlink\" aria-hidden=\"true\"><use href=\"#tf-ti-download\" xlink:href=\"#tf-ti-download\"><\/use><\/svg><\/em>                                        Inventaire linguistique des contenus cl\u00e9s\n\n\ndes niveaux du CECRL\n\n                                        <\/a>\n                <\/div>\n            <\/div>\n<!-- \/module buttons -->\n        <\/div>\n                        <\/div>\n        <\/div>\n                        <div  data-lazy=\"1\" class=\"module_row themify_builder_row tb_kzk1896 tf_w\">\n                        <div class=\"row_inner col_align_top tb_col_count_1 tf_box tf_rel\">\n                        <div  data-lazy=\"1\" class=\"module_column tb-column col-full tb_gvle896 first\">\n                    <!-- module text -->\n<div  class=\"module module-text tb_l6ol896   \" data-lazy=\"1\">\n        <div  class=\"tb_text_wrap\">\n        \n          <h3>Exemples d&rsquo;examens<\/h3>\n          \n\n          <p>Des exemples d&rsquo;examens pour tous les niveaux sont disponibles sur le site Web de la <a href=\"https:\/\/france-education-international.fr\/delf-dalf\" target=\"_blank\" rel=\"noopener\">FEI (France Education International)<\/a>.<\/p>\n          \n\n            <\/div>\n<\/div>\n<!-- \/module text --><!-- module text -->\n<div  class=\"module module-text tb_uuvl635   \" data-lazy=\"1\">\n        <div  class=\"tb_text_wrap\">\n        \n          <h3>Cours de fran\u00e7ais<br><\/h3>\n          \n\n          <p>L&rsquo;IEF propose des cours intensifs en vue de la passation des examens du DELF-DALF. Plus d&rsquo;informations <a href=\"https:\/\/ief-saarbruecken.eu\/fr\/cours-de-francais\/\">ici<\/a>.<br><\/p>\n          \n\n            <\/div>\n<\/div>\n<!-- \/module text -->        <\/div>\n                        <\/div>\n        <\/div>\n                        <div  data-lazy=\"1\" class=\"module_row themify_builder_row tb_2803545 tf_w\">\n                        <div class=\"row_inner col_align_top tb_col_count_1 tf_box tf_rel\">\n                        <div  data-lazy=\"1\" class=\"module_column tb-column col-full tb_ohjg546 first\">\n                    <!-- module text -->\n<div  class=\"module module-text tb_blug667   \" data-lazy=\"1\">\n        <div  class=\"tb_text_wrap\">\n        \n          <h3>Tests de classement<\/h3>\n          \n\n            <\/div>\n<\/div>\n<!-- \/module text -->        <\/div>\n                        <\/div>\n        <\/div>\n                        <div  data-lazy=\"1\" class=\"module_row themify_builder_row tb_3717754 tf_w\">\n                        <div class=\"row_inner col_align_top tb_col_count_2 tf_box tf_rel\">\n                        <div  data-lazy=\"1\" class=\"module_column tb-column col4-2 tb_qnq3755 first\">\n                    <!-- module text -->\n<div  class=\"module module-text tb_gqnf547   \" data-lazy=\"1\">\n        <div  class=\"tb_text_wrap\">\n        \n          <p>\n            <span style=\"background-color: initial; color: #383049; font-family: 'Titillium Web'; font-size: 18px;\">Les \u00e9tudiants ont la possibilit\u00e9 de tester leur niveau (de A1.1 \u00e0 B2) sur le <a href=\"https:\/\/static.klett.de\/projekte\/delf\/#\/\" target=\"_blank\" rel=\"noopener\">DELF @ klett<\/a> !<\/span>\n          <\/p>\n            <\/div>\n<\/div>\n<!-- \/module text --><!-- module image -->\n<div  class=\"module module-image tb_gy1u37 image-top   tf_mw\" data-lazy=\"1\">\n        <div class=\"image-wrap tf_rel tf_mw\">\n            <a href=\"https:\/\/static.klett.de\/projekte\/delf\/#\/\" rel=\"noopener\" target=\"_blank\">\n                                   <span class=\"zoom\">\n                <svg  aria-label=\"Open\" class=\"tf_fa tf-ti-new-window\" xmlns:xlink=\"http:\/\/www.w3.org\/1999\/xlink\" role=\"img\"><use href=\"#tf-ti-new-window\" xlink:href=\"#tf-ti-new-window\"><\/use><\/svg>            <\/span>\n                    <img loading=\"lazy\" decoding=\"async\" width=\"1000\" height=\"878\" src=\"https:\/\/ief-saarbruecken.eu\/wp-content\/uploads\/2021\/12\/delf-klett-test.jpg\" class=\"wp-post-image wp-image-469\" title=\"delf-klett-test\" alt=\"delf-klett-test\" srcset=\"https:\/\/ief-saarbruecken.eu\/wp-content\/uploads\/2021\/12\/delf-klett-test.jpg 1000w, https:\/\/ief-saarbruecken.eu\/wp-content\/uploads\/2021\/12\/delf-klett-test-300x263.jpg 300w, https:\/\/ief-saarbruecken.eu\/wp-content\/uploads\/2021\/12\/delf-klett-test-768x674.jpg 768w\" sizes=\"auto, (max-width: 1000px) 100vw, 1000px\" \/>        <\/a>\n    \n        <\/div>\n    <!-- \/image-wrap -->\n    \n        <\/div>\n<!-- \/module image -->        <\/div>\n                    <div  data-lazy=\"1\" class=\"module_column tb-column col4-2 tb_xrum883 last\">\n                            <\/div>\n                        <\/div>\n        <\/div>\n                        <div  data-lazy=\"1\" class=\"module_row themify_builder_row tb_zr3o350 tf_w\">\n                        <div class=\"row_inner col_align_top tb_col_count_2 tf_box tf_rel\">\n                        <div  data-lazy=\"1\" class=\"module_column tb-column col4-1 tb_stq6351 first\">\n                    <!-- module text -->\n<div  class=\"module module-text tb_uhmx351   \" data-lazy=\"1\">\n        <div  class=\"tb_text_wrap\">\n        \n          <p>\n            <strong>Ev@langue (FEI):<\/strong>\n          <\/p>\n            <\/div>\n<\/div>\n<!-- \/module text -->        <\/div>\n                    <div  data-lazy=\"1\" class=\"module_column tb-column col4-3 tb_np1p351 last\">\n                    <!-- module buttons -->\n<div  class=\"module module-buttons tb_csgo352 buttons-horizontal outline   rounded\" data-lazy=\"1\">\n        <div class=\"module-buttons-item tf_in_flx\">\n                        <a href=\"https:\/\/www.france-education-international.fr\/test\/evalang?langue=fr\" class=\"ui builder_button tf_in_flx red\" target=\"_blank\" rel=\"noopener\">\n                                    <em><svg  class=\"tf_fa tf-ti-new-window\" xmlns:xlink=\"http:\/\/www.w3.org\/1999\/xlink\" aria-hidden=\"true\"><use href=\"#tf-ti-new-window\" xlink:href=\"#tf-ti-new-window\"><\/use><\/svg><\/em>                                        Test de niveau                                        <\/a>\n                <\/div>\n            <\/div>\n<!-- \/module buttons -->\n        <\/div>\n                        <\/div>\n        <\/div>\n        <\/div>\n<!--\/themify_builder_content-->","protected":false},"excerpt":{"rendered":"<p>Comment se pr\u00e9parer aux examens du DELF-DALF ?<\/p>\n","protected":false},"author":1,"featured_media":0,"parent":655,"menu_order":0,"comment_status":"closed","ping_status":"closed","template":"","meta":{"footnotes":""},"class_list":["post-616","page","type-page","status-publish","hentry","has-post-title","has-post-date","has-post-category","has-post-tag","has-post-comment","has-post-author",""],"builder_content":"<img src=\"https:\/\/ief-saarbruecken.eu\/wp-content\/uploads\/2021\/12\/themen-dialog.jpg\" title=\"ief themen dialog\" alt=\"ief themen dialog\" srcset=\"https:\/\/ief-saarbruecken.eu\/wp-content\/uploads\/2021\/12\/themen-dialog.jpg 1500w, https:\/\/ief-saarbruecken.eu\/wp-content\/uploads\/2021\/12\/themen-dialog-300x89.jpg 300w, https:\/\/ief-saarbruecken.eu\/wp-content\/uploads\/2021\/12\/themen-dialog-1024x305.jpg 1024w, https:\/\/ief-saarbruecken.eu\/wp-content\/uploads\/2021\/12\/themen-dialog-768x229.jpg 768w\" sizes=\"(max-width: 1500px) 100vw, 1500px\" \/>\n<h2>Comment se pr\u00e9parer aux examens du DELF-DALF ?<\/h2>\n<img src=\"https:\/\/ief-saarbruecken.eu\/wp-content\/uploads\/2021\/12\/DELF-DALF.png\" title=\"DELF-DALF\" alt=\"DELF-DALF\" srcset=\"https:\/\/ief-saarbruecken.eu\/wp-content\/uploads\/2021\/12\/DELF-DALF.png 1578w, https:\/\/ief-saarbruecken.eu\/wp-content\/uploads\/2021\/12\/DELF-DALF-1024x256-300x75.png 300w, https:\/\/ief-saarbruecken.eu\/wp-content\/uploads\/2021\/12\/DELF-DALF-1024x256.png 1024w, https:\/\/ief-saarbruecken.eu\/wp-content\/uploads\/2021\/12\/DELF-DALF-768x192.png 768w, https:\/\/ief-saarbruecken.eu\/wp-content\/uploads\/2021\/12\/DELF-DALF-1536x384.png 1536w, https:\/\/ief-saarbruecken.eu\/wp-content\/uploads\/2021\/12\/DELF-DALF-1024x256-250x62.png 250w, https:\/\/ief-saarbruecken.eu\/wp-content\/uploads\/2021\/12\/DELF-DALF-1024x256-200x50.png 200w\" sizes=\"(max-width: 1578px) 100vw, 1578px\" \/>\n<h3>Epreuves d'entrainement \u00e0 l'IEF - DELF-DALF \"tout public\"<\/h3> <p>14\/02\/2026 &amp; 30\/05\/2026 | IEF | Villa Europa | Kohlweg 7 | 66123 Saarbr\u00fccken<\/p> <p>Participation gratuite sous condition d'inscription<br \/><\/p> <p>Comment se familiariser aux \u00e9preuves du DELF-DALF et mieux se pr\u00e9parer \u00e0 la situation d'examen pour une passation en toute s\u00e9r\u00e9nit\u00e9 ? L'IEF propose des \u00e9preuves d'entra\u00eenement cibl\u00e9es sur les comp\u00e9tences r\u00e9ceptives. Les r\u00e9sultats, communiqu\u00e9s rapidement, permettent ainsi aux candidat.e.s de conna\u00eetre leur niveau avant de s'inscrire d\u00e9finitivement aux \u00e9preuves officielles. <br \/><\/p> <p><strong>Pour obtenir le d\u00e9tail des niveaux et horaires propos\u00e9s, merci de consulter le formulaire ci-dessous.<\/strong><\/p> <p>D\u00e9lai d\u2019inscription : jusqu\u2019au <strong>02\/02\/2026 pour le 14\/02\/2026 <\/strong>et jusqu'au<strong> 18\/05\/2026 pour le 30\/05\/2026<\/strong>. \u00a0IMPORTANT : il n\u2019y a que 20 places disponibles pour chaque date et heure. Veuillez remplir le formulaire d\u2019inscription et le renvoyer \u00e0 <a href=\"mailto:delf.saarbruecken@institutfrancais.de\">delf.saarbruecken@institutfrancais.de<\/a><br \/><br \/>Pour plus d'informations sur le format et les avantages, cliquez <a href=\"https:\/\/www.france-education-international.fr\/article\/epreuves-entrainement-delf?langue=fr\">ici<\/a>.<\/p>\n<h3>Formulaire d'inscription aux \u00e9preuves d'entrainement DELF-DALF \"tout public\"<\/h3>\n<a href=\"https:\/\/ief-saarbruecken.eu\/wp-content\/uploads\/2025\/11\/Anmeldeformular-DELF-DALF-TP_epreuve-entrainement_fev-mai_2026_neu.docx\" target=\"_blank\" rel=\"noopener\" download> <em><svg xmlns:xlink=\"http:\/\/www.w3.org\/1999\/xlink\" aria-hidden=\"true\"><use href=\"#tf-ti-download\" xlink:href=\"#tf-ti-download\"><\/use><\/svg><\/em> Formulaire d'inscription <\/a>\n<h3>Epreuves d'entra\u00eenement \u00e0 l'IEF - DELF \"scolaire\"<\/h3> <p>ANNUL\u00c9 ! 12-13\/02\/2026 | IEF | Villa Europa | Kohlweg 7 | 66123 Saarbr\u00fccken<\/p> <p>Participation gratuite sous condition d'inscription<\/p> <p style=\"margin-top: 6.0pt; text-align: justify; text-justify: inter-ideograph;\">Comment se familiariser aux \u00e9preuves du DELF-DALF et mieux se pr\u00e9parer \u00e0 la situation d'examen pour une passation en toute s\u00e9r\u00e9nit\u00e9 ? L'IEF propose des \u00e9preuves d'entra\u00eenement cibl\u00e9es sur les comp\u00e9tences r\u00e9ceptives. Les r\u00e9sultats, communiqu\u00e9s rapidement, permettent ainsi aux candidat.e.s de conna\u00eetre leur niveau avant de s'inscrire d\u00e9finitivement aux \u00e9preuves officielles. <br \/><\/p> <p><strong>Pour obtenir le d\u00e9tail des niveaux et horaires propos\u00e9s, merci de consulter le formulaire ci-dessous.<\/strong><\/p> <p>D\u00e9lai d'inscription : jusqu'au <strong>02\/02\/2026<\/strong>. IMPORTANT : il n'y a que 20 places disponibles pour chaque date et heure. Veuillez remplir le formulaire d'inscription et le renvoyer \u00e0 <a href=\"mailto:delf.saarbruecken@institutfrancais.de\">delf.saarbruecken@institutfrancais.de<\/a><\/p> <p>Pour plus d'informations sur le format et les avantages, cliquez <a href=\"https:\/\/www.france-education-international.fr\/article\/epreuves-entrainement-delf?langue=fr\">ici<\/a>.<\/p>\n<h3>Formulaire d'inscription pour les \u00e9preuves d'entra\u00eenement DELF Scolaire<\/h3>\n<h3>Litt\u00e9rature recommand\u00e9e<\/h3>\n<a href=\"https:\/\/liseo.france-education-international.fr\/site\/bibliographies\/bibliographie-ressources-preparation-delf-dalf.pdf\" target=\"_blank\" rel=\"noopener\" download> <em><svg xmlns:xlink=\"http:\/\/www.w3.org\/1999\/xlink\" aria-hidden=\"true\"><use href=\"#tf-ti-download\" xlink:href=\"#tf-ti-download\"><\/use><\/svg><\/em> Ressources pour se pr\u00e9parer\naux dipl\u00f4mes DELF et DALF <\/a>\n<a href=\"https:\/\/www.france-education-international.fr\/document\/cecrl\" target=\"_blank\" rel=\"noopener\" download> <em><svg xmlns:xlink=\"http:\/\/www.w3.org\/1999\/xlink\" aria-hidden=\"true\"><use href=\"#tf-ti-download\" xlink:href=\"#tf-ti-download\"><\/use><\/svg><\/em> Inventaire linguistique des contenus cl\u00e9s\ndes niveaux du CECRL\n <\/a>\n<h3>Exemples d'examens<\/h3> \n <p>Des exemples d'examens pour tous les niveaux sont disponibles sur le site Web de la <a href=\"https:\/\/france-education-international.fr\/delf-dalf\" target=\"_blank\" rel=\"noopener\">FEI (France Education International)<\/a>.<\/p>\n<h3>Cours de fran\u00e7ais<br><\/h3> \n <p>L'IEF propose des cours intensifs en vue de la passation des examens du DELF-DALF. Plus d'informations <a href=\"https:\/\/ief-saarbruecken.eu\/fr\/cours-de-francais\/\">ici<\/a>.<br><\/p>\n<h3>Tests de classement<\/h3>\n<p> Les \u00e9tudiants ont la possibilit\u00e9 de tester leur niveau (de A1.1 \u00e0 B2) sur le <a href=\"https:\/\/static.klett.de\/projekte\/delf\/#\/\" target=\"_blank\" rel=\"noopener\">DELF @ klett<\/a> ! <\/p>\n<a href=\"https:\/\/static.klett.de\/projekte\/delf\/#\/\" rel=\"noopener\" target=\"_blank\"> <svg aria-label=\"Open\" xmlns:xlink=\"http:\/\/www.w3.org\/1999\/xlink\" role=\"img\"><use href=\"#tf-ti-new-window\" xlink:href=\"#tf-ti-new-window\"><\/use><\/svg> <img src=\"https:\/\/ief-saarbruecken.eu\/wp-content\/uploads\/2021\/12\/delf-klett-test.jpg\" title=\"delf-klett-test\" alt=\"delf-klett-test\" srcset=\"https:\/\/ief-saarbruecken.eu\/wp-content\/uploads\/2021\/12\/delf-klett-test.jpg 1000w, https:\/\/ief-saarbruecken.eu\/wp-content\/uploads\/2021\/12\/delf-klett-test-300x263.jpg 300w, https:\/\/ief-saarbruecken.eu\/wp-content\/uploads\/2021\/12\/delf-klett-test-768x674.jpg 768w\" sizes=\"(max-width: 1000px) 100vw, 1000px\" \/> <\/a>\n<p> <strong>Ev@langue (FEI):<\/strong> <\/p>\n<a href=\"https:\/\/www.france-education-international.fr\/test\/evalang?langue=fr\" target=\"_blank\" rel=\"noopener\"> <em><svg xmlns:xlink=\"http:\/\/www.w3.org\/1999\/xlink\" aria-hidden=\"true\"><use href=\"#tf-ti-new-window\" xlink:href=\"#tf-ti-new-window\"><\/use><\/svg><\/em> Test de niveau <\/a>","_links":{"self":[{"href":"https:\/\/ief-saarbruecken.eu\/fr\/wp-json\/wp\/v2\/pages\/616","targetHints":{"allow":["GET"]}}],"collection":[{"href":"https:\/\/ief-saarbruecken.eu\/fr\/wp-json\/wp\/v2\/pages"}],"about":[{"href":"https:\/\/ief-saarbruecken.eu\/fr\/wp-json\/wp\/v2\/types\/page"}],"author":[{"embeddable":true,"href":"https:\/\/ief-saarbruecken.eu\/fr\/wp-json\/wp\/v2\/users\/1"}],"replies":[{"embeddable":true,"href":"https:\/\/ief-saarbruecken.eu\/fr\/wp-json\/wp\/v2\/comments?post=616"}],"version-history":[{"count":0,"href":"https:\/\/ief-saarbruecken.eu\/fr\/wp-json\/wp\/v2\/pages\/616\/revisions"}],"up":[{"embeddable":true,"href":"https:\/\/ief-saarbruecken.eu\/fr\/wp-json\/wp\/v2\/pages\/655"}],"wp:attachment":[{"href":"https:\/\/ief-saarbruecken.eu\/fr\/wp-json\/wp\/v2\/media?parent=616"}],"curies":[{"name":"wp","href":"https:\/\/api.w.org\/{rel}","templated":true}]}}