{"id":614,"date":"2021-11-30T17:40:21","date_gmt":"2021-11-30T16:40:21","guid":{"rendered":"https:\/\/ief-saarbruecken.eu\/mediatheque\/"},"modified":"2026-03-31T17:32:24","modified_gmt":"2026-03-31T15:32:24","slug":"mediatheque","status":"publish","type":"page","link":"https:\/\/ief-saarbruecken.eu\/fr\/mediatheque\/","title":{"rendered":"M\u00e9diath\u00e8que"},"content":{"rendered":"<!--themify_builder_content-->\n<div id=\"themify_builder_content-614\" data-postid=\"614\" class=\"themify_builder_content themify_builder_content-614 themify_builder tf_clear\">\n                    <div  data-lazy=\"1\" class=\"module_row themify_builder_row tb_lf81637 tb_first tf_w\">\n                        <div class=\"row_inner col_align_top tb_col_count_1 tf_box tf_rel\">\n                        <div  data-lazy=\"1\" class=\"module_column tb-column col-full tb_mcxr638 first\">\n                    <!-- module image -->\n<div  class=\"module module-image tb_0dad827 image-top   auto_fullwidth tf_mw\" data-lazy=\"1\">\n        <div class=\"image-wrap tf_rel tf_mw\">\n            <img loading=\"lazy\" decoding=\"async\" width=\"1500\" height=\"447\" src=\"https:\/\/ief-saarbruecken.eu\/wp-content\/uploads\/2021\/12\/themen-mediathek.jpg\" class=\"wp-post-image wp-image-446\" title=\"ief themen mediathek\" alt=\"ief themen mediathek\" srcset=\"https:\/\/ief-saarbruecken.eu\/wp-content\/uploads\/2021\/12\/themen-mediathek.jpg 1500w, https:\/\/ief-saarbruecken.eu\/wp-content\/uploads\/2021\/12\/themen-mediathek-300x89.jpg 300w, https:\/\/ief-saarbruecken.eu\/wp-content\/uploads\/2021\/12\/themen-mediathek-1024x305.jpg 1024w, https:\/\/ief-saarbruecken.eu\/wp-content\/uploads\/2021\/12\/themen-mediathek-768x229.jpg 768w\" sizes=\"auto, (max-width: 1500px) 100vw, 1500px\" \/>    \n        <\/div>\n    <!-- \/image-wrap -->\n    \n        <\/div>\n<!-- \/module image -->        <\/div>\n                        <\/div>\n        <\/div>\n                        <div  data-lazy=\"1\" class=\"module_row themify_builder_row tb_c7ai830 tf_w\">\n                        <div class=\"row_inner col_align_top tb_col_count_1 tf_box tf_rel\">\n                        <div  data-lazy=\"1\" class=\"module_column tb-column col-full tb_wmuc831 first\">\n                    <!-- module text -->\n<div  class=\"module module-text tb_rz8z360   \" data-lazy=\"1\">\n        <div  class=\"tb_text_wrap\">\n        <h2>Bienvenue \u00e0 la m\u00e9diath\u00e8que francophone de l&rsquo;IEF<\/h2>\n<p>La m\u00e9diath\u00e8que de l\u2019IEF a pour vocation de promouvoir le dialogue interculturel. Elle s\u2019adresse aux francophones, ainsi qu\u2019\u00e0 tous ceux, petit.e.s et grand.e.s, qui s&rsquo;int\u00e9ressent \u00e0 la culture et \u00e0 la langue fran\u00e7aise.<\/p>\n<p>Elle est compos\u00e9e de nombreux ouvrages en langue fran\u00e7aise qui rassemblent les grands classiques de la litt\u00e9rature francophone (romans, po\u00e9sie, th\u00e9\u00e2tre), des textes de sp\u00e9cialit\u00e9 sur l\u2019Histoire, la culture, la politique, la critique litt\u00e9raire ou le sport, des lectures plus ludiques allant du roman policier \u00e0 la science-fiction, des bandes-dessin\u00e9es, ou encore les derniers \u00ab\u00a0best-sellers\u00a0\u00bb.<\/p>\n<p>Une \u00ab Biblioth\u00e8que de l\u2019apprenant \u00bb, destin\u00e9e \u00e0 l&rsquo;apprentissage du fran\u00e7ais, et un \u00ab\u00a0Espace jeunesse\u00a0\u00bb, pour les enfants et adolescents, la compl\u00e8tent. Sur place, l\u2019\u00e9quipe est \u00e0 votre disposition et vous fournit volontiers des conseils et de l\u2019aide pour la recherche de documents.<\/p>\n<p>Chaque abonn\u00e9.e \u00e0 la m\u00e9diath\u00e8que de l\u2019IEF aura automatiquement acc\u00e8s \u00e0 la plateforme num\u00e9rique \u00ab\u00a0Cultureth\u00e8que\u00a0\u00bb de l\u2019Institut Fran\u00e7ais\u00a0o\u00f9 plus de 200 000 documents peuvent \u00eatre consult\u00e9s en ligne, ainsi qu\u2019\u00e0 la base de donn\u00e9es \u00ab\u00a0Europresse\u00a0\u00bb proposant des centaines de revues de presse francophones (dont <em>Le Monde<\/em>, <em>Lib\u00e9ration<\/em>, <em>Le Figaro<\/em>&#8230;). Une offre id\u00e9ale pour toute la famille, les \u00e9tudiant.e.s ou m\u00eame les professionnel.le.s qui souhaiteraient \u00e9largir leur horizon de lecture.<\/p>    <\/div>\n<\/div>\n<!-- \/module text -->        <\/div>\n                        <\/div>\n        <\/div>\n                        <div  data-lazy=\"1\" class=\"module_row themify_builder_row tb_cth7994 tf_w\">\n                        <div class=\"row_inner col_align_top tb_col_count_1 tf_box tf_rel\">\n                        <div  data-lazy=\"1\" class=\"module_column tb-column col-full tb_oulq995 first\">\n                    <!-- module text -->\n<div  class=\"module module-text tb_l1vr193   \" data-lazy=\"1\">\n        <div  class=\"tb_text_wrap\">\n        <h3>La m\u00e9diath\u00e8que de l&rsquo;IEF vous propose :<\/h3>\n<ul>\n<li>une vitrine sur le monde francophone ;<\/li>\n<li>un grand choix de m\u00e9dias en langue fran\u00e7aise (livres, BD et DVD&#8230;) ;<\/li>\n<li>une \u00ab Biblioth\u00e8que de l&rsquo;apprenant \u00bb : une s\u00e9lection de diff\u00e9rents m\u00e9dias adapt\u00e9s au niveau de langue des apprenants ;<\/li>\n<li>un \u00ab Espace jeunesse \u00bb pour les enfants et adolescents ;<\/li>\n<li>l&rsquo;acc\u00e8s \u00e0 la plateforme num\u00e9rique \u00ab <a href=\"https:\/\/ief-saarbruecken.eu\/fr\/mediatheque\/culturetheque\/\">Cultureth\u00e8que<\/a> \u00bb de l\u2019Institut Fran\u00e7ais (pour les abonn\u00e9.es \u00e0 la m\u00e9diath\u00e8que de l\u2019IEF) ;<\/li>\n<li>des conseils et de l&rsquo;aide pour la recherche de documents.<\/li>\n<\/ul>    <\/div>\n<\/div>\n<!-- \/module text -->        <\/div>\n                        <\/div>\n        <\/div>\n                        <div  data-lazy=\"1\" class=\"module_row themify_builder_row tb_okrh669 tf_w\">\n                        <div class=\"row_inner col_align_top tb_col_count_1 tf_box tf_rel\">\n                        <div  data-lazy=\"1\" class=\"module_column tb-column col-full tb_51wf670 first\">\n                            <\/div>\n                        <\/div>\n        <\/div>\n                        <div  data-lazy=\"1\" class=\"module_row themify_builder_row tb_2zgu185 tf_w\">\n                        <div class=\"row_inner col_align_top gutter-none tb_col_count_2 tf_box tf_rel\">\n                        <div  data-lazy=\"1\" class=\"module_column tb-column col4-2 tb_fle2186 first\">\n                            <\/div>\n                    <div  data-lazy=\"1\" class=\"module_column tb-column col4-2 tb_irc5141 last\">\n                            <\/div>\n                        <\/div>\n        <\/div>\n                        <div  data-lazy=\"1\" class=\"module_row themify_builder_row tb_3vhm23 tf_w\">\n                        <div class=\"row_inner col_align_top tb_col_count_1 tf_box tf_rel\">\n                        <div  data-lazy=\"1\" class=\"module_column tb-column col-full tb_miyn24 first\">\n                    <!-- module text -->\n<div  class=\"module module-text tb_hphy156   \" data-lazy=\"1\">\n        <div  class=\"tb_text_wrap\">\n        <h3>Nos horaires d\u2019ouverture<\/h3>    <\/div>\n<\/div>\n<!-- \/module text --><!-- module text -->\n<div  class=\"module module-text tb_ssv7212   \" data-lazy=\"1\">\n        <div  class=\"tb_text_wrap\">\n        <ul>\n<li>Lundi : ferm\u00e9<\/li>\n<li>Mardi : 15h &#8211; 17h<\/li>\n<li>Mercredi : 15h &#8211; 18h<\/li>\n<li>Jeudi : sur rendez-vous<\/li>\n<li>Vendredi : 15h &#8211; 17h<\/li>\n<li>Samedi &amp; dimanche : ferm\u00e9<\/li>\n<\/ul>    <\/div>\n<\/div>\n<!-- \/module text -->        <\/div>\n                        <\/div>\n        <\/div>\n                        <div  data-lazy=\"1\" class=\"module_row themify_builder_row tb_m6iu377 tf_w\">\n                        <div class=\"row_inner col_align_top tb_col_count_1 tf_box tf_rel\">\n                        <div  data-lazy=\"1\" class=\"module_column tb-column col-full tb_ldd3377 first\">\n                    <!-- module text -->\n<div  class=\"module module-text tb_acsi377   \" data-lazy=\"1\">\n        <div  class=\"tb_text_wrap\">\n        <h3>Abonnement annuel\u00a0<\/h3>    <\/div>\n<\/div>\n<!-- \/module text --><!-- module text -->\n<div  class=\"module module-text tb_pnya377   \" data-lazy=\"1\">\n        <div  class=\"tb_text_wrap\">\n        <ul>\n<li>Tarif plein : 25 \u20ac<\/li>\n<li>Tarif r\u00e9duit (\u00e9tudiant\u00b7e\u00b7s) : 18 \u20ac<\/li>\n<\/ul>    <\/div>\n<\/div>\n<!-- \/module text -->        <\/div>\n                        <\/div>\n        <\/div>\n                        <div  data-lazy=\"1\" class=\"module_row themify_builder_row tb_qmhw212 tf_w\">\n                        <div class=\"row_inner col_align_top tb_col_count_1 tf_box tf_rel\">\n                        <div  data-lazy=\"1\" class=\"module_column tb-column col-full tb_hgfv212 first\">\n                    <!-- module text -->\n<div  class=\"module module-text tb_gsmd212   \" data-lazy=\"1\">\n        <div  class=\"tb_text_wrap\">\n        <h3>Conditions de pr\u00eat<\/h3>    <\/div>\n<\/div>\n<!-- \/module text --><!-- module text -->\n<div  class=\"module module-text tb_y9xl377   \" data-lazy=\"1\">\n        <div  class=\"tb_text_wrap\">\n        <ul>\n<li>6 livres pour 4 semaines<\/li>\n<li>2 DVD pour 2 semaines<\/li>\n<\/ul>\n<p><em>Les ouvrages de r\u00e9f\u00e9rence suivants ne peuvent \u00eatre consult\u00e9s que sur place :<\/em><\/p>\n<ul>\n<li><em>Dictionnaires<\/em><\/li>\n<li><em>Revues<\/em><\/li>\n<\/ul>\n<p>Les documents peuvent \u00eatre prolong\u00e9s une fois par mail avant la date limite de retour : <a href=\"mailto:mediathek@ief-saarbruecken.eu\">mediathek@ief-saarbruecken.eu<\/a><\/p>\n<p><em>Les p\u00e9nalit\u00e9s de retard sont de 50 centimes par document et par jour, 1\u20ac pour les DVD.<\/em><\/p>    <\/div>\n<\/div>\n<!-- \/module text -->        <\/div>\n                        <\/div>\n        <\/div>\n                        <div  data-lazy=\"1\" class=\"module_row themify_builder_row tb_qcep183 tf_w\">\n                        <div class=\"row_inner col_align_top tb_col_count_1 tf_box tf_rel\">\n                        <div  data-lazy=\"1\" class=\"module_column tb-column col-full tb_vkds183 first\">\n                    <!-- module text -->\n<div  class=\"module module-text tb_2fy7183   \" data-lazy=\"1\">\n        <div  class=\"tb_text_wrap\">\n        <h3>Notre r\u00e8glement int\u00e9rieur<\/h3>    <\/div>\n<\/div>\n<!-- \/module text --><!-- module text -->\n<div  class=\"module module-text tb_jba3183   \" data-lazy=\"1\">\n        <div  class=\"tb_text_wrap\">\n        <p>peut \u00eatre t\u00e9l\u00e9charg\u00e9 <strong><a href=\"https:\/\/ief-saarbruecken.eu\/wp-content\/uploads\/2024\/10\/Reglement-interieur-mediatheque-IEF-VF-FR.pdf\" target=\"_blank\" rel=\"noopener\">ici<\/a><\/strong>.<\/p>    <\/div>\n<\/div>\n<!-- \/module text -->        <\/div>\n                        <\/div>\n        <\/div>\n                        <div  data-lazy=\"1\" class=\"module_row themify_builder_row tb_2nsk967 tf_w\">\n                        <div class=\"row_inner col_align_top tb_col_count_2 tf_box tf_rel\">\n                        <div  data-lazy=\"1\" class=\"module_column tb-column col-full tb_0k6z967 first\">\n                    <!-- module text -->\n<div  class=\"module module-text tb_1un9275   \" data-lazy=\"1\">\n        <div  class=\"tb_text_wrap\">\n        <h3>Contact<\/h3>\n<p>+49 (0)681 93812-202<br \/><a href=\"mailto:mediathek@ief-saarbruecken.eu\">mediathek@ief-saarbruecken.eu<\/a><\/p>    <\/div>\n<\/div>\n<!-- \/module text -->        <\/div>\n                    <div  data-lazy=\"1\" class=\"module_column tb-column col4-2 tb_zuvp786 last\">\n                    <!-- module image -->\n<div  class=\"module module-image tb_9cik861 image-top   tf_mw\" data-lazy=\"1\">\n        <div class=\"image-wrap tf_rel tf_mw\">\n            <img loading=\"lazy\" decoding=\"async\" width=\"320\" height=\"145\" src=\"https:\/\/ief-saarbruecken.eu\/wp-content\/uploads\/2024\/05\/Logo-MBK-320-x-145-px.png\" class=\"wp-post-image wp-image-1611\" title=\"Logo MBK (320 x 145 px)\" alt=\"Logo MBK (320 x 145 px)\" srcset=\"https:\/\/ief-saarbruecken.eu\/wp-content\/uploads\/2024\/05\/Logo-MBK-320-x-145-px.png 320w, https:\/\/ief-saarbruecken.eu\/wp-content\/uploads\/2024\/05\/Logo-MBK-320-x-145-px-300x136.png 300w\" sizes=\"auto, (max-width: 320px) 100vw, 320px\" \/>    \n        <\/div>\n    <!-- \/image-wrap -->\n    \n        <\/div>\n<!-- \/module image -->        <\/div>\n                        <\/div>\n        <\/div>\n        <\/div>\n<!--\/themify_builder_content-->","protected":false},"excerpt":{"rendered":"<p>Bienvenue \u00e0 la m\u00e9diath\u00e8que francophone de l&rsquo;IEF La m\u00e9diath\u00e8que de l\u2019IEF a pour vocation de promouvoir le dialogue interculturel. Elle s\u2019adresse aux francophones, ainsi qu\u2019\u00e0 tous ceux, petit.e.s et grand.e.s, qui s&rsquo;int\u00e9ressent \u00e0 la culture et \u00e0 la langue fran\u00e7aise. Elle est compos\u00e9e de nombreux ouvrages en langue fran\u00e7aise qui rassemblent les grands classiques de [&hellip;]<\/p>\n","protected":false},"author":1,"featured_media":0,"parent":0,"menu_order":0,"comment_status":"closed","ping_status":"closed","template":"","meta":{"footnotes":""},"class_list":["post-614","page","type-page","status-publish","hentry","has-post-title","has-post-date","has-post-category","has-post-tag","has-post-comment","has-post-author",""],"builder_content":"<img src=\"https:\/\/ief-saarbruecken.eu\/wp-content\/uploads\/2021\/12\/themen-mediathek.jpg\" title=\"ief themen mediathek\" alt=\"ief themen mediathek\" srcset=\"https:\/\/ief-saarbruecken.eu\/wp-content\/uploads\/2021\/12\/themen-mediathek.jpg 1500w, https:\/\/ief-saarbruecken.eu\/wp-content\/uploads\/2021\/12\/themen-mediathek-300x89.jpg 300w, https:\/\/ief-saarbruecken.eu\/wp-content\/uploads\/2021\/12\/themen-mediathek-1024x305.jpg 1024w, https:\/\/ief-saarbruecken.eu\/wp-content\/uploads\/2021\/12\/themen-mediathek-768x229.jpg 768w\" sizes=\"(max-width: 1500px) 100vw, 1500px\" \/>\n<h2>Bienvenue \u00e0 la m\u00e9diath\u00e8que francophone de l'IEF<\/h2> <p>La m\u00e9diath\u00e8que de l\u2019IEF a pour vocation de promouvoir le dialogue interculturel. Elle s\u2019adresse aux francophones, ainsi qu\u2019\u00e0 tous ceux, petit.e.s et grand.e.s, qui s'int\u00e9ressent \u00e0 la culture et \u00e0 la langue fran\u00e7aise.<\/p> <p>Elle est compos\u00e9e de nombreux ouvrages en langue fran\u00e7aise qui rassemblent les grands classiques de la litt\u00e9rature francophone (romans, po\u00e9sie, th\u00e9\u00e2tre), des textes de sp\u00e9cialit\u00e9 sur l\u2019Histoire, la culture, la politique, la critique litt\u00e9raire ou le sport, des lectures plus ludiques allant du roman policier \u00e0 la science-fiction, des bandes-dessin\u00e9es, ou encore les derniers \u00ab\u00a0best-sellers\u00a0\u00bb.<\/p> <p>Une \u00ab Biblioth\u00e8que de l\u2019apprenant \u00bb, destin\u00e9e \u00e0 l'apprentissage du fran\u00e7ais, et un \u00ab\u00a0Espace jeunesse\u00a0\u00bb, pour les enfants et adolescents, la compl\u00e8tent. Sur place, l\u2019\u00e9quipe est \u00e0 votre disposition et vous fournit volontiers des conseils et de l\u2019aide pour la recherche de documents.<\/p> <p>Chaque abonn\u00e9.e \u00e0 la m\u00e9diath\u00e8que de l\u2019IEF aura automatiquement acc\u00e8s \u00e0 la plateforme num\u00e9rique \u00ab\u00a0Cultureth\u00e8que\u00a0\u00bb de l\u2019Institut Fran\u00e7ais\u00a0o\u00f9 plus de 200 000 documents peuvent \u00eatre consult\u00e9s en ligne, ainsi qu\u2019\u00e0 la base de donn\u00e9es \u00ab\u00a0Europresse\u00a0\u00bb proposant des centaines de revues de presse francophones (dont <em>Le Monde<\/em>, <em>Lib\u00e9ration<\/em>, <em>Le Figaro<\/em>...). Une offre id\u00e9ale pour toute la famille, les \u00e9tudiant.e.s ou m\u00eame les professionnel.le.s qui souhaiteraient \u00e9largir leur horizon de lecture.<\/p>\n<h3>La m\u00e9diath\u00e8que de l'IEF vous propose :<\/h3> <ul> <li>une vitrine sur le monde francophone ;<\/li> <li>un grand choix de m\u00e9dias en langue fran\u00e7aise (livres, BD et DVD...) ;<\/li> <li>une \u00ab Biblioth\u00e8que de l'apprenant \u00bb : une s\u00e9lection de diff\u00e9rents m\u00e9dias adapt\u00e9s au niveau de langue des apprenants ;<\/li> <li>un \u00ab Espace jeunesse \u00bb pour les enfants et adolescents ;<\/li> <li>l'acc\u00e8s \u00e0 la plateforme num\u00e9rique \u00ab <a href=\"https:\/\/ief-saarbruecken.eu\/fr\/mediatheque\/culturetheque\/\">Cultureth\u00e8que<\/a> \u00bb de l\u2019Institut Fran\u00e7ais (pour les abonn\u00e9.es \u00e0 la m\u00e9diath\u00e8que de l\u2019IEF) ;<\/li> <li>des conseils et de l'aide pour la recherche de documents.<\/li> <\/ul>\n<h3>Nos horaires d\u2019ouverture<\/h3>\n<ul> <li>Lundi : ferm\u00e9<\/li> <li>Mardi : 15h - 17h<\/li> <li>Mercredi : 15h - 18h<\/li> <li>Jeudi : sur rendez-vous<\/li> <li>Vendredi : 15h - 17h<\/li> <li>Samedi &amp; dimanche : ferm\u00e9<\/li> <\/ul>\n<h3>Abonnement annuel\u00a0<\/h3>\n<ul> <li>Tarif plein : 25 \u20ac<\/li> <li>Tarif r\u00e9duit (\u00e9tudiant\u00b7e\u00b7s) : 18 \u20ac<\/li> <\/ul>\n<h3>Conditions de pr\u00eat<\/h3>\n<ul> <li>6 livres pour 4 semaines<\/li> <li>2 DVD pour 2 semaines<\/li> <\/ul> <p><em>Les ouvrages de r\u00e9f\u00e9rence suivants ne peuvent \u00eatre consult\u00e9s que sur place :<\/em><\/p> <ul> <li><em>Dictionnaires<\/em><\/li> <li><em>Revues<\/em><\/li> <\/ul> <p>Les documents peuvent \u00eatre prolong\u00e9s une fois par mail avant la date limite de retour : <a href=\"mailto:mediathek@ief-saarbruecken.eu\">mediathek@ief-saarbruecken.eu<\/a><\/p> <p><em>Les p\u00e9nalit\u00e9s de retard sont de 50 centimes par document et par jour, 1\u20ac pour les DVD.<\/em><\/p>\n<h3>Notre r\u00e8glement int\u00e9rieur<\/h3>\n<p>peut \u00eatre t\u00e9l\u00e9charg\u00e9 <strong><a href=\"https:\/\/ief-saarbruecken.eu\/wp-content\/uploads\/2024\/10\/Reglement-interieur-mediatheque-IEF-VF-FR.pdf\" target=\"_blank\" rel=\"noopener\">ici<\/a><\/strong>.<\/p>\n<h3>Contact<\/h3> <p>+49 (0)681 93812-202<br \/><a href=\"mailto:mediathek@ief-saarbruecken.eu\">mediathek@ief-saarbruecken.eu<\/a><\/p>\n<img src=\"https:\/\/ief-saarbruecken.eu\/wp-content\/uploads\/2024\/05\/Logo-MBK-320-x-145-px.png\" title=\"Logo MBK (320 x 145 px)\" alt=\"Logo MBK (320 x 145 px)\" srcset=\"https:\/\/ief-saarbruecken.eu\/wp-content\/uploads\/2024\/05\/Logo-MBK-320-x-145-px.png 320w, https:\/\/ief-saarbruecken.eu\/wp-content\/uploads\/2024\/05\/Logo-MBK-320-x-145-px-300x136.png 300w\" sizes=\"(max-width: 320px) 100vw, 320px\" \/>","_links":{"self":[{"href":"https:\/\/ief-saarbruecken.eu\/fr\/wp-json\/wp\/v2\/pages\/614","targetHints":{"allow":["GET"]}}],"collection":[{"href":"https:\/\/ief-saarbruecken.eu\/fr\/wp-json\/wp\/v2\/pages"}],"about":[{"href":"https:\/\/ief-saarbruecken.eu\/fr\/wp-json\/wp\/v2\/types\/page"}],"author":[{"embeddable":true,"href":"https:\/\/ief-saarbruecken.eu\/fr\/wp-json\/wp\/v2\/users\/1"}],"replies":[{"embeddable":true,"href":"https:\/\/ief-saarbruecken.eu\/fr\/wp-json\/wp\/v2\/comments?post=614"}],"version-history":[{"count":0,"href":"https:\/\/ief-saarbruecken.eu\/fr\/wp-json\/wp\/v2\/pages\/614\/revisions"}],"wp:attachment":[{"href":"https:\/\/ief-saarbruecken.eu\/fr\/wp-json\/wp\/v2\/media?parent=614"}],"curies":[{"name":"wp","href":"https:\/\/api.w.org\/{rel}","templated":true}]}}