{"id":611,"date":"2021-11-30T17:42:57","date_gmt":"2021-11-30T16:42:57","guid":{"rendered":"https:\/\/ief-saarbruecken.eu\/culturetheque\/"},"modified":"2026-02-25T16:19:28","modified_gmt":"2026-02-25T15:19:28","slug":"culturetheque","status":"publish","type":"page","link":"https:\/\/ief-saarbruecken.eu\/fr\/mediatheque\/culturetheque\/","title":{"rendered":"Cultureth\u00e8que"},"content":{"rendered":"<!--themify_builder_content-->\n<div id=\"themify_builder_content-611\" data-postid=\"611\" class=\"themify_builder_content themify_builder_content-611 themify_builder tf_clear\">\n                    <div  data-lazy=\"1\" class=\"module_row themify_builder_row tb_gkyy492 tb_first tf_w\">\n                        <div class=\"row_inner col_align_top tb_col_count_1 tf_box tf_rel\">\n                        <div  data-lazy=\"1\" class=\"module_column tb-column col-full tb_pzws492 first\">\n                    <!-- module image -->\n<div  class=\"module module-image tb_iivv219 image-top   tf_mw\" data-lazy=\"1\">\n        <div class=\"image-wrap tf_rel tf_mw\">\n            <img loading=\"lazy\" decoding=\"async\" width=\"1825\" height=\"452\" src=\"https:\/\/ief-saarbruecken.eu\/wp-content\/uploads\/2024\/05\/VF-Slider-CULTURETHEQUE-1825-x-452-px.png\" class=\"wp-post-image wp-image-1609\" title=\"VF Slider CULTURETHEQUE (1825 x 452 px)\" alt=\"VF Slider CULTURETHEQUE (1825 x 452 px)\" srcset=\"https:\/\/ief-saarbruecken.eu\/wp-content\/uploads\/2024\/05\/VF-Slider-CULTURETHEQUE-1825-x-452-px.png 1825w, https:\/\/ief-saarbruecken.eu\/wp-content\/uploads\/2024\/05\/VF-Slider-CULTURETHEQUE-1825-x-452-px-300x74.png 300w, https:\/\/ief-saarbruecken.eu\/wp-content\/uploads\/2024\/05\/VF-Slider-CULTURETHEQUE-1825-x-452-px-1024x254.png 1024w, https:\/\/ief-saarbruecken.eu\/wp-content\/uploads\/2024\/05\/VF-Slider-CULTURETHEQUE-1825-x-452-px-768x190.png 768w, https:\/\/ief-saarbruecken.eu\/wp-content\/uploads\/2024\/05\/VF-Slider-CULTURETHEQUE-1825-x-452-px-1536x380.png 1536w\" sizes=\"auto, (max-width: 1825px) 100vw, 1825px\" \/>    \n        <\/div>\n    <!-- \/image-wrap -->\n    \n        <\/div>\n<!-- \/module image -->        <\/div>\n                        <\/div>\n        <\/div>\n                        <div  data-lazy=\"1\" class=\"module_row themify_builder_row tb_2n2p369 tf_w\">\n                        <div class=\"row_inner col_align_top tb_col_count_1 tf_box tf_rel\">\n                        <div  data-lazy=\"1\" class=\"module_column tb-column col-full tb_lpmy370 first\">\n                    <!-- module text -->\n<div  class=\"module module-text tb_mh0c640   \" data-lazy=\"1\">\n        <div  class=\"tb_text_wrap\">\n        <h2>Qu&rsquo;est-ce que la Cultureth\u00e8que ?<\/h2>\n<p><a href=\"https:\/\/www.culturetheque.com\/fr\" target=\"_blank\" rel=\"noopener\">Cultureth\u00e8que<\/a> met \u00e0 disposition des contenus num\u00e9riques et les rend accessibles aux abonn\u00e9.es des m\u00e9diath\u00e8ques fran\u00e7aises \u00e0 l&rsquo;\u00e9tranger.<\/p>\n<p>Si vous \u00eates inscrit.e \u00e0 la m\u00e9diath\u00e8que de l\u2019IEF, vous avez automatiquement droit \u00e0 l&rsquo;offre de Cultureth\u00e8que, notre plateforme num\u00e9rique. Si vous n&rsquo;\u00eates pas encore inscrit.e, vous pouvez tester la plateforme gratuitement pendant 3 semaines sans aucun engagement de votre part.<\/p>\n<p>Gr\u00e2ce \u00e0 Cultureth\u00e8que vous pouvez acc\u00e9der \u00e0 plus de <strong>200 000 documents<\/strong> : romans nouvellement parus, magazines, bandes dessin\u00e9es, musique, documentaires, ressources p\u00e9dagogiques&#8230; Les enfants comme les adultes pourront profiter de cette offre aussi riche que vari\u00e9e.<\/p>\n<p>Cultureth\u00e8que, c&rsquo;est aussi la possibilit\u00e9 de faire des recherches dans la base de donn\u00e9es <strong>Europresse<\/strong> qui donne acc\u00e8s \u00e0 des centaines de titres de presse francophones (dont <em>Le Monde<\/em>, <em>Lib\u00e9ration<\/em>, <em>Le Figaro<\/em>&#8230;). C&rsquo;est l&rsquo;outil id\u00e9al pour pr\u00e9parer des revues de presse, des expos\u00e9s, des cours.<\/p>    <\/div>\n<\/div>\n<!-- \/module text -->        <\/div>\n                        <\/div>\n        <\/div>\n                        <div  data-lazy=\"1\" class=\"module_row themify_builder_row tb_7fa5240 tf_w\">\n                        <div class=\"row_inner col_align_top tb_col_count_1 tf_box tf_rel\">\n                        <div  data-lazy=\"1\" class=\"module_column tb-column col-full tb_cmre242 first\">\n                    <!-- module buttons -->\n<div  class=\"module module-buttons tb_nb9648 buttons-horizontal outline  large rounded\" data-lazy=\"1\">\n        <div class=\"module-buttons-item tf_in_flx\">\n                        <a href=\"https:\/\/www.culturetheque.com\/fr\" class=\"ui builder_button tf_in_flx blue\" target=\"_blank\" rel=\"noopener\">\n                                    <em><svg  class=\"tf_fa tf-fas-external-link-alt\" xmlns:xlink=\"http:\/\/www.w3.org\/1999\/xlink\" aria-hidden=\"true\"><use href=\"#tf-fas-external-link-alt\" xlink:href=\"#tf-fas-external-link-alt\"><\/use><\/svg><\/em>                                        Cultureth\u00e8que                                        <\/a>\n                <\/div>\n            <\/div>\n<!-- \/module buttons -->\n        <\/div>\n                        <\/div>\n        <\/div>\n                        <div  data-lazy=\"1\" class=\"module_row themify_builder_row tb_y6z9540 tf_w\">\n                        <div class=\"row_inner col_align_top tb_col_count_1 tf_box tf_rel\">\n                        <div  data-lazy=\"1\" class=\"module_column tb-column col-full tb_2vor541 first\">\n                    <!-- module text -->\n<div  class=\"module module-text tb_294a542   \" data-lazy=\"1\">\n        <div  class=\"tb_text_wrap\">\n        <p>Si vous avez besoin d&rsquo;aide pour utiliser Cultureth\u00e8que ou en cas de perte de vos codes d&rsquo;acc\u00e8s, n&rsquo;h\u00e9sitez pas \u00e0 nous \u00e9crire :<\/p>\n<p><a href=\"mediathek@ief-saarbruecken.eu\">mediathek@ief-saarbruecken.eu<\/a><\/p>    <\/div>\n<\/div>\n<!-- \/module text -->        <\/div>\n                        <\/div>\n        <\/div>\n        <\/div>\n<!--\/themify_builder_content-->","protected":false},"excerpt":{"rendered":"<p>Qu&rsquo;est-ce que la Cultureth\u00e8que ? Cultureth\u00e8que met \u00e0 disposition des contenus num\u00e9riques et les rend accessibles aux abonn\u00e9.es des m\u00e9diath\u00e8ques fran\u00e7aises \u00e0 l&rsquo;\u00e9tranger. Si vous \u00eates inscrit.e \u00e0 la m\u00e9diath\u00e8que de l\u2019IEF, vous avez automatiquement droit \u00e0 l&rsquo;offre de Cultureth\u00e8que, notre plateforme num\u00e9rique. Si vous n&rsquo;\u00eates pas encore inscrit.e, vous pouvez tester la plateforme gratuitement [&hellip;]<\/p>\n","protected":false},"author":1,"featured_media":0,"parent":614,"menu_order":0,"comment_status":"closed","ping_status":"closed","template":"","meta":{"footnotes":""},"class_list":["post-611","page","type-page","status-publish","hentry","has-post-title","has-post-date","has-post-category","has-post-tag","has-post-comment","has-post-author",""],"builder_content":"<img src=\"https:\/\/ief-saarbruecken.eu\/wp-content\/uploads\/2024\/05\/VF-Slider-CULTURETHEQUE-1825-x-452-px.png\" title=\"VF Slider CULTURETHEQUE (1825 x 452 px)\" alt=\"VF Slider CULTURETHEQUE (1825 x 452 px)\" srcset=\"https:\/\/ief-saarbruecken.eu\/wp-content\/uploads\/2024\/05\/VF-Slider-CULTURETHEQUE-1825-x-452-px.png 1825w, https:\/\/ief-saarbruecken.eu\/wp-content\/uploads\/2024\/05\/VF-Slider-CULTURETHEQUE-1825-x-452-px-300x74.png 300w, https:\/\/ief-saarbruecken.eu\/wp-content\/uploads\/2024\/05\/VF-Slider-CULTURETHEQUE-1825-x-452-px-1024x254.png 1024w, https:\/\/ief-saarbruecken.eu\/wp-content\/uploads\/2024\/05\/VF-Slider-CULTURETHEQUE-1825-x-452-px-768x190.png 768w, https:\/\/ief-saarbruecken.eu\/wp-content\/uploads\/2024\/05\/VF-Slider-CULTURETHEQUE-1825-x-452-px-1536x380.png 1536w\" sizes=\"(max-width: 1825px) 100vw, 1825px\" \/>\n<h2>Qu'est-ce que la Cultureth\u00e8que ?<\/h2> <p><a href=\"https:\/\/www.culturetheque.com\/fr\" target=\"_blank\" rel=\"noopener\">Cultureth\u00e8que<\/a> met \u00e0 disposition des contenus num\u00e9riques et les rend accessibles aux abonn\u00e9.es des m\u00e9diath\u00e8ques fran\u00e7aises \u00e0 l'\u00e9tranger.<\/p> <p>Si vous \u00eates inscrit.e \u00e0 la m\u00e9diath\u00e8que de l\u2019IEF, vous avez automatiquement droit \u00e0 l'offre de Cultureth\u00e8que, notre plateforme num\u00e9rique. Si vous n'\u00eates pas encore inscrit.e, vous pouvez tester la plateforme gratuitement pendant 3 semaines sans aucun engagement de votre part.<\/p> <p>Gr\u00e2ce \u00e0 Cultureth\u00e8que vous pouvez acc\u00e9der \u00e0 plus de <strong>200 000 documents<\/strong> : romans nouvellement parus, magazines, bandes dessin\u00e9es, musique, documentaires, ressources p\u00e9dagogiques... Les enfants comme les adultes pourront profiter de cette offre aussi riche que vari\u00e9e.<\/p> <p>Cultureth\u00e8que, c'est aussi la possibilit\u00e9 de faire des recherches dans la base de donn\u00e9es <strong>Europresse<\/strong> qui donne acc\u00e8s \u00e0 des centaines de titres de presse francophones (dont <em>Le Monde<\/em>, <em>Lib\u00e9ration<\/em>, <em>Le Figaro<\/em>...). C'est l'outil id\u00e9al pour pr\u00e9parer des revues de presse, des expos\u00e9s, des cours.<\/p>\n<a href=\"https:\/\/www.culturetheque.com\/fr\" target=\"_blank\" rel=\"noopener\"> <em><svg xmlns:xlink=\"http:\/\/www.w3.org\/1999\/xlink\" aria-hidden=\"true\"><use href=\"#tf-fas-external-link-alt\" xlink:href=\"#tf-fas-external-link-alt\"><\/use><\/svg><\/em> Cultureth\u00e8que <\/a>\n<p>Si vous avez besoin d'aide pour utiliser Cultureth\u00e8que ou en cas de perte de vos codes d'acc\u00e8s, n'h\u00e9sitez pas \u00e0 nous \u00e9crire :<\/p> <p><a href=\"mediathek@ief-saarbruecken.eu\">mediathek@ief-saarbruecken.eu<\/a><\/p>","_links":{"self":[{"href":"https:\/\/ief-saarbruecken.eu\/fr\/wp-json\/wp\/v2\/pages\/611","targetHints":{"allow":["GET"]}}],"collection":[{"href":"https:\/\/ief-saarbruecken.eu\/fr\/wp-json\/wp\/v2\/pages"}],"about":[{"href":"https:\/\/ief-saarbruecken.eu\/fr\/wp-json\/wp\/v2\/types\/page"}],"author":[{"embeddable":true,"href":"https:\/\/ief-saarbruecken.eu\/fr\/wp-json\/wp\/v2\/users\/1"}],"replies":[{"embeddable":true,"href":"https:\/\/ief-saarbruecken.eu\/fr\/wp-json\/wp\/v2\/comments?post=611"}],"version-history":[{"count":0,"href":"https:\/\/ief-saarbruecken.eu\/fr\/wp-json\/wp\/v2\/pages\/611\/revisions"}],"up":[{"embeddable":true,"href":"https:\/\/ief-saarbruecken.eu\/fr\/wp-json\/wp\/v2\/pages\/614"}],"wp:attachment":[{"href":"https:\/\/ief-saarbruecken.eu\/fr\/wp-json\/wp\/v2\/media?parent=611"}],"curies":[{"name":"wp","href":"https:\/\/api.w.org\/{rel}","templated":true}]}}