{"id":610,"date":"2021-11-30T17:46:17","date_gmt":"2021-11-30T16:46:17","guid":{"rendered":"https:\/\/ief-saarbruecken.eu\/conditions-de-pret\/"},"modified":"2026-04-10T15:12:34","modified_gmt":"2026-04-10T13:12:34","slug":"activites","status":"publish","type":"page","link":"https:\/\/ief-saarbruecken.eu\/fr\/mediatheque\/activites\/","title":{"rendered":"Activit\u00e9s"},"content":{"rendered":"<!--themify_builder_content-->\n<div id=\"themify_builder_content-610\" data-postid=\"610\" class=\"themify_builder_content themify_builder_content-610 themify_builder tf_clear\">\n                    <div  data-lazy=\"1\" class=\"module_row themify_builder_row tb_2ee6850 tb_first tf_w\">\n                        <div class=\"row_inner col_align_top tb_col_count_1 tf_box tf_rel\">\n                        <div  data-lazy=\"1\" class=\"module_column tb-column col-full tb_c12y851 first\">\n                            <\/div>\n                        <\/div>\n        <\/div>\n                        <div  data-lazy=\"1\" class=\"module_row themify_builder_row tb_we3t709 tf_w\">\n                        <div class=\"row_inner col_align_top tb_col_count_1 tf_box tf_rel\">\n                        <div  data-lazy=\"1\" class=\"module_column tb-column col-full tb_2nh0710 first\">\n                    <!-- module image -->\n<div  class=\"module module-image tb_d718694 image-top   tf_mw\" data-lazy=\"1\">\n        <div class=\"image-wrap tf_rel tf_mw\">\n            <img loading=\"lazy\" decoding=\"async\" width=\"1500\" height=\"600\" src=\"https:\/\/ief-saarbruecken.eu\/wp-content\/uploads\/2026\/01\/2026-SLIDER-conversation.jpg\" class=\"wp-post-image wp-image-3078\" title=\"2026 SLIDER conversation\" alt=\"2026 SLIDER conversation\" srcset=\"https:\/\/ief-saarbruecken.eu\/wp-content\/uploads\/2026\/01\/2026-SLIDER-conversation.jpg 1500w, https:\/\/ief-saarbruecken.eu\/wp-content\/uploads\/2026\/01\/2026-SLIDER-conversation-300x120.jpg 300w, https:\/\/ief-saarbruecken.eu\/wp-content\/uploads\/2026\/01\/2026-SLIDER-conversation-1024x410.jpg 1024w, https:\/\/ief-saarbruecken.eu\/wp-content\/uploads\/2026\/01\/2026-SLIDER-conversation-768x307.jpg 768w\" sizes=\"auto, (max-width: 1500px) 100vw, 1500px\" \/>    \n        <\/div>\n    <!-- \/image-wrap -->\n    \n        <\/div>\n<!-- \/module image --><!-- module text -->\n<div  class=\"module module-text tb_de1p235   \" data-lazy=\"1\">\n        <div  class=\"tb_text_wrap\">\n        <h1>Conversation franco-allemande<\/h1>\n<p>\u00a0<\/p>    <\/div>\n<\/div>\n<!-- \/module text --><!-- module text -->\n<div  class=\"module module-text tb_a9t8589   \" data-lazy=\"1\">\n        <div  class=\"tb_text_wrap\">\n        <ul>\n<li>Pour adultes<\/li>\n<li>Avec abonnement* la participation est gratuite. Sinon, frais de participation : 5 \u20ac par personne<\/li>\n<li>Sur inscription : Remplissez nos formulaires ci-dessous<\/li>\n<li><strong>Villa Europa | Kohlweg 7 | 66123 Saarbr\u00fccken<\/strong><\/li>\n<\/ul>\n<p>Cet atelier offre aux germanophones et aux francophones l\u2019occasion d\u2019\u00e9changer, de progresser et d\u2019explorer diff\u00e9rents th\u00e8mes dans une ambiance conviviale. Ouvert \u00e0 tous les niveaux, il permet d\u2019am\u00e9liorer son expression orale tout en d\u00e9couvrant la culture de l\u2019autre.<\/p>\n<p><em>*Un abonnement annuel \u00e0 notre biblioth\u00e8que co\u00fbte 25 \u20ac et inclut un acc\u00e8s gratuit \u00e0 la plateforme num\u00e9rique <a href=\"https:\/\/ief-saarbruecken.eu\/fr\/mediatheque\/culturetheque\/\" target=\"_blank\" rel=\"noopener\">Cultureth\u00e8que<\/a>.<\/em><\/p>\n<p>\ud83d\udccc <strong>Prochains rendez-vous (toujours de 17h \u00e0 18h30) :<\/strong><\/p>\n<ul>\n<li>Mercredi 15\/04\/2026 &#8211; Formulaire d&rsquo;inscription : <a href=\"https:\/\/forms.office.com\/Pages\/ResponsePage.aspx?id=DQSIkWdsW0yxEjajBLZtrQAAAAAAAAAAAAMAAZQZ7hVUM01LSjI0T0NYUlZSNlE1VU1WNkRZQlY0RC4u\" target=\"_blank\" rel=\"noopener\">Conversation\u00a0 15\/04\/2026 (17h-18h30) \u2013 Formular ausf\u00fcllen<\/a><\/li>\n<li>Mercredi 13\/05\/2026 &#8211; Formulaire d&rsquo;inscription : <a href=\"https:\/\/forms.office.com\/Pages\/ResponsePage.aspx?id=DQSIkWdsW0yxEjajBLZtrQAAAAAAAAAAAAMAAZQZ7hVUQkkxNE01UFhTQ05BNzUxOTY4SFo1WlBHNi4u\" target=\"_blank\" rel=\"noopener\">Conversation 13\/05\/2026 (17h-18h30) \u2013 Formular ausf\u00fcllen<\/a><\/li>\n<li>Mercredi 03\/06\/2026 &#8211; Formulaire d&rsquo;inscription : <a href=\"https:\/\/forms.office.com\/Pages\/ResponsePage.aspx?id=DQSIkWdsW0yxEjajBLZtrQAAAAAAAAAAAAMAAZQZ7hVUN01CR0kxWUhKS0lFT1BTWFk1U0hIWjI0WC4u\" target=\"_blank\" rel=\"noopener\">Conversation 3\/06\/2026 (17h-18h30) \u2013 Formular ausf\u00fcllen<\/a><\/li>\n<li>Mercredi 01\/07\/2026 &#8211; Formulaire d&rsquo;inscription : <a href=\"https:\/\/forms.office.com\/Pages\/ResponsePage.aspx?id=DQSIkWdsW0yxEjajBLZtrQAAAAAAAAAAAAMAAZQZ7hVUQ1hSWDhVWkpZRVBDOEdITlowSDNZQ0ZYNi4u\" target=\"_blank\" rel=\"noopener\">Conversation 1\/07\/2026 (17h-18h30) \u2013 Formular ausf\u00fcllen<\/a><\/li>\n<\/ul>    <\/div>\n<\/div>\n<!-- \/module text -->        <\/div>\n                        <\/div>\n        <\/div>\n                        <div  data-lazy=\"1\" class=\"module_row themify_builder_row tb_ua40303 tf_w\">\n                        <div class=\"row_inner col_align_top tb_col_count_1 tf_box tf_rel\">\n                        <div  data-lazy=\"1\" class=\"module_column tb-column col-full tb_a13j303 first\">\n                    <!-- module image -->\n<div  class=\"module module-image tb_xmi8303 image-top   tf_mw\" data-lazy=\"1\">\n        <div class=\"image-wrap tf_rel tf_mw\">\n            <img loading=\"lazy\" decoding=\"async\" width=\"1500\" height=\"600\" src=\"https:\/\/ief-saarbruecken.eu\/wp-content\/uploads\/2026\/01\/2026-SLIDER-2-langues-1-histoire.jpg\" class=\"wp-post-image wp-image-3079\" title=\"2026 SLIDER 2 langues 1 histoire\" alt=\"2026 SLIDER 2 langues 1 histoire\" srcset=\"https:\/\/ief-saarbruecken.eu\/wp-content\/uploads\/2026\/01\/2026-SLIDER-2-langues-1-histoire.jpg 1500w, https:\/\/ief-saarbruecken.eu\/wp-content\/uploads\/2026\/01\/2026-SLIDER-2-langues-1-histoire-300x120.jpg 300w, https:\/\/ief-saarbruecken.eu\/wp-content\/uploads\/2026\/01\/2026-SLIDER-2-langues-1-histoire-1024x410.jpg 1024w, https:\/\/ief-saarbruecken.eu\/wp-content\/uploads\/2026\/01\/2026-SLIDER-2-langues-1-histoire-768x307.jpg 768w\" sizes=\"auto, (max-width: 1500px) 100vw, 1500px\" \/>    \n        <\/div>\n    <!-- \/image-wrap -->\n    \n        <\/div>\n<!-- \/module image --><!-- module text -->\n<div  class=\"module module-text tb_mlod303   \" data-lazy=\"1\">\n        <div  class=\"tb_text_wrap\">\n        <h1>Deux langues, une histoire \u2013<br \/>Deutsch-franz\u00f6sisches Vorlesen<\/h1>\n<p>\u00a0<\/p>    <\/div>\n<\/div>\n<!-- \/module text --><!-- module text -->\n<div  class=\"module module-text tb_tja5303   \" data-lazy=\"1\">\n        <div  class=\"tb_text_wrap\">\n        <ul>\n<li>Pour enfants 4 ans +<\/li>\n<li>Gratuit<\/li>\n<li>Sur inscription : Remplissez nos formulaires ci-dessous<\/li>\n<li><strong>Stadtbibliothek | Gustav-Regler-Platz 1 | 66111 Saarbr\u00fccken\u00a0<\/strong><\/li>\n<\/ul>\n<p>Venez partager un moment avec vos enfants \u00e0 la Stadtbibliothek autour d\u2019une histoire racont\u00e9e en fran\u00e7ais et en allemand ! Les petits explorateurs d\u00e9couvriront un tr\u00e9sor litt\u00e9raire lu \u00e0 deux voix, pour voyager en douceur entre les langues et les cultures.<\/p>\n<p>\ud83d\udccc <strong>Prochains rendez-vous (de 16h \u00e0 17h) :<\/strong><\/p>\n<ul>\n<li>Mardi 21\/04\/2026 &#8211; Formulaire d&rsquo;inscription : <a href=\"https:\/\/forms.office.com\/Pages\/ResponsePage.aspx?id=DQSIkWdsW0yxEjajBLZtrQAAAAAAAAAAAAMAAZQZ7hVUQlVTQlAyR1JZTE5LSDI4RzhKQlFEOVdQSi4u\" target=\"_blank\" rel=\"noopener\">Deux langues, une histoire 21\/04\/2026 \u2013 Formular ausf\u00fcllen<\/a><\/li>\n<li>Mardi 05\/05\/2026 &#8211; Formulaire d&rsquo;inscription : <a href=\"https:\/\/forms.office.com\/Pages\/ResponsePage.aspx?id=DQSIkWdsW0yxEjajBLZtrQAAAAAAAAAAAAMAAZQZ7hVUNjdQMVNERDMwSzlPTUZaSDFKTlVSVUoyWi4u\" target=\"_blank\" rel=\"noopener\">Deux langues, une histoire 05\/05\/2026 \u2013 Formular ausf\u00fcllen<\/a><\/li>\n<li>Mardi 09\/06\/2026 &#8211; Formulaire d&rsquo;inscription : <a href=\"https:\/\/forms.office.com\/Pages\/ResponsePage.aspx?id=DQSIkWdsW0yxEjajBLZtrQAAAAAAAAAAAAMAAZQZ7hVUNE1WR0RBTE9FU1NLVjRaQldSRzlMUDZJUC4u\" target=\"_blank\" rel=\"noopener\">Deux langues, une histoire 09\/06\/2026 \u2013 Formular ausf\u00fcllen<\/a><\/li>\n<li style=\"text-align: left;\">Mardi 21\/07\/2026 &#8211; <strong>11h<\/strong> &#8211; Formulaire d&rsquo;inscription : <a href=\"https:\/\/forms.office.com\/Pages\/ResponsePage.aspx?id=DQSIkWdsW0yxEjajBLZtrQAAAAAAAAAAAAMAAZQZ7hVUMFROSE02NlE2TDdEWEtJWkFHVjRGODEyNy4u\" target=\"_blank\" rel=\"noopener\">Deux langues, une histoire 21\/07\/2026 \u2013 Formular ausf\u00fcllen<\/a><\/li>\n<\/ul>    <\/div>\n<\/div>\n<!-- \/module text -->        <\/div>\n                        <\/div>\n        <\/div>\n                        <div  data-lazy=\"1\" class=\"module_row themify_builder_row tb_8b5n726 tf_w\">\n                        <div class=\"row_inner col_align_top tb_col_count_1 tf_box tf_rel\">\n                        <div  data-lazy=\"1\" class=\"module_column tb-column col-full tb_d22i726 first\">\n                    <!-- module image -->\n<div  class=\"module module-image tb_2x14726 image-top   tf_mw\" data-lazy=\"1\">\n        <div class=\"image-wrap tf_rel tf_mw\">\n            <img loading=\"lazy\" decoding=\"async\" width=\"1500\" height=\"600\" src=\"https:\/\/ief-saarbruecken.eu\/wp-content\/uploads\/2026\/01\/2026-SLIDER-a-vos-jeux.jpg\" class=\"wp-post-image wp-image-3080\" title=\"2026 SLIDER a vos jeux\" alt=\"2026 SLIDER a vos jeux\" srcset=\"https:\/\/ief-saarbruecken.eu\/wp-content\/uploads\/2026\/01\/2026-SLIDER-a-vos-jeux.jpg 1500w, https:\/\/ief-saarbruecken.eu\/wp-content\/uploads\/2026\/01\/2026-SLIDER-a-vos-jeux-300x120.jpg 300w, https:\/\/ief-saarbruecken.eu\/wp-content\/uploads\/2026\/01\/2026-SLIDER-a-vos-jeux-1024x410.jpg 1024w, https:\/\/ief-saarbruecken.eu\/wp-content\/uploads\/2026\/01\/2026-SLIDER-a-vos-jeux-768x307.jpg 768w\" sizes=\"auto, (max-width: 1500px) 100vw, 1500px\" \/>    \n        <\/div>\n    <!-- \/image-wrap -->\n    \n        <\/div>\n<!-- \/module image --><!-- module text -->\n<div  class=\"module module-text tb_grx2726   \" data-lazy=\"1\">\n        <div  class=\"tb_text_wrap\">\n        <h1>\u00c0 vos jeux !<br \/>Jouer en allemand et en fran\u00e7ais<\/h1>\n<p>\u00a0<\/p>    <\/div>\n<\/div>\n<!-- \/module text --><!-- module text -->\n<div  class=\"module module-text tb_fdw7726   \" data-lazy=\"1\">\n        <div  class=\"tb_text_wrap\">\n        <ul>\n<li>Pour enfants 6 ans +<\/li>\n<li>Gratuit<\/li>\n<li>Sur inscription : Remplissez nos formulaires ci-dessous<\/li>\n<li><strong>Stadtbibliothek | Gustav-Regler-Platz 1 | 66111 Saarbr\u00fccken <em>OU<\/em> Villa Europa | Kohlweg 7 | 66123 Saarbr\u00fccken\u00a0<\/strong><\/li>\n<\/ul>\n<p>Nos apr\u00e8s-midis de jeux franco-allemands, sont organis\u00e9s une fois par mois, en alternance \u00e0 la Villa Europa (IEF) et \u00e0 la Stadtbibliothek de Sarrebruck.<\/p>\n<p>\ud83d\udccc <strong>Prochains rendez-vous (toujours de 16h \u00e0 18h) :<\/strong><\/p>\n<ul>\n<li>Vendredi 10\/04\/2026 \u2013 Villa Europa &#8211; Formulaire d&rsquo;inscription : <a href=\"https:\/\/forms.office.com\/Pages\/ResponsePage.aspx?id=DQSIkWdsW0yxEjajBLZtrQAAAAAAAAAAAAMAAZQZ7hVUM1dTWlZDU1ZPWFpBSTVWUVJQVEtHVTJBUi4u\" target=\"_blank\" rel=\"noopener\">Ran ans Brett 10.04 16-18h \u2013 Formular ausf\u00fcllen<\/a><\/li>\n<li>Vendredi 22\/05\/2026 \u2013 Villa Europa &#8211; Formulaire d&rsquo;inscription : <a href=\"https:\/\/forms.office.com\/r\/eQZ8cnyaub\" target=\"_blank\" rel=\"noopener\">Ran ans Brett 22.05 16-18h \u2013 Formular ausf\u00fcllen<\/a><\/li>\n<li>Vendredi 12\/06\/2026 \u2013 Stadtbibliothek Saarbr\u00fccken &#8211; Formulaire d&rsquo;inscription : <a href=\"https:\/\/forms.office.com\/Pages\/ResponsePage.aspx?id=DQSIkWdsW0yxEjajBLZtrQAAAAAAAAAAAAMAAZQZ7hVUQjZIMTMzR1hTS0VIWFdHNDBLT0pKQ0NTSy4u\" target=\"_blank\" rel=\"noopener\">Ran ans Brett 12.06 16-18h \u2013 Formular ausf\u00fcllen<\/a><\/li>\n<li>Vendredi 10\/07\/2026 \u2013 Villa Europa &#8211; Formulaire d&rsquo;inscription : <a href=\"https:\/\/forms.office.com\/Pages\/ResponsePage.aspx?id=DQSIkWdsW0yxEjajBLZtrQAAAAAAAAAAAAMAAZQZ7hVUNkdZOUs1UkpKUU1YRlNDWVFIRzk2WDFQNS4u\" target=\"_blank\" rel=\"noopener\">Ran ans Brett 10.07 16-18h \u2013 Formular ausf\u00fcllen<\/a><\/li>\n<\/ul>    <\/div>\n<\/div>\n<!-- \/module text -->        <\/div>\n                        <\/div>\n        <\/div>\n        <\/div>\n<!--\/themify_builder_content-->","protected":false},"excerpt":{"rendered":"<p>Conversation franco-allemande \u00a0<\/p>\n","protected":false},"author":1,"featured_media":0,"parent":614,"menu_order":0,"comment_status":"closed","ping_status":"closed","template":"","meta":{"footnotes":""},"class_list":["post-610","page","type-page","status-publish","hentry","has-post-title","has-post-date","has-post-category","has-post-tag","has-post-comment","has-post-author",""],"builder_content":"<img src=\"https:\/\/ief-saarbruecken.eu\/wp-content\/uploads\/2026\/01\/2026-SLIDER-conversation.jpg\" title=\"2026 SLIDER conversation\" alt=\"2026 SLIDER conversation\" srcset=\"https:\/\/ief-saarbruecken.eu\/wp-content\/uploads\/2026\/01\/2026-SLIDER-conversation.jpg 1500w, https:\/\/ief-saarbruecken.eu\/wp-content\/uploads\/2026\/01\/2026-SLIDER-conversation-300x120.jpg 300w, https:\/\/ief-saarbruecken.eu\/wp-content\/uploads\/2026\/01\/2026-SLIDER-conversation-1024x410.jpg 1024w, https:\/\/ief-saarbruecken.eu\/wp-content\/uploads\/2026\/01\/2026-SLIDER-conversation-768x307.jpg 768w\" sizes=\"(max-width: 1500px) 100vw, 1500px\" \/>\n<h1>Conversation franco-allemande<\/h1> <p>\u00a0<\/p>\n<ul> <li>Pour adultes<\/li> <li>Avec abonnement* la participation est gratuite. Sinon, frais de participation : 5 \u20ac par personne<\/li> <li>Sur inscription : Remplissez nos formulaires ci-dessous<\/li> <li><strong>Villa Europa | Kohlweg 7 | 66123 Saarbr\u00fccken<\/strong><\/li> <\/ul> <p>Cet atelier offre aux germanophones et aux francophones l\u2019occasion d\u2019\u00e9changer, de progresser et d\u2019explorer diff\u00e9rents th\u00e8mes dans une ambiance conviviale. Ouvert \u00e0 tous les niveaux, il permet d\u2019am\u00e9liorer son expression orale tout en d\u00e9couvrant la culture de l\u2019autre.<\/p> <p><em>*Un abonnement annuel \u00e0 notre biblioth\u00e8que co\u00fbte 25 \u20ac et inclut un acc\u00e8s gratuit \u00e0 la plateforme num\u00e9rique <a href=\"https:\/\/ief-saarbruecken.eu\/fr\/mediatheque\/culturetheque\/\" target=\"_blank\" rel=\"noopener\">Cultureth\u00e8que<\/a>.<\/em><\/p> <p>\ud83d\udccc <strong>Prochains rendez-vous (toujours de 17h \u00e0 18h30) :<\/strong><\/p> <ul> <li>Mercredi 15\/04\/2026 - Formulaire d'inscription : <a href=\"https:\/\/forms.office.com\/Pages\/ResponsePage.aspx?id=DQSIkWdsW0yxEjajBLZtrQAAAAAAAAAAAAMAAZQZ7hVUM01LSjI0T0NYUlZSNlE1VU1WNkRZQlY0RC4u\" target=\"_blank\" rel=\"noopener\">Conversation\u00a0 15\/04\/2026 (17h-18h30) \u2013 Formular ausf\u00fcllen<\/a><\/li> <li>Mercredi 13\/05\/2026 - Formulaire d'inscription : <a href=\"https:\/\/forms.office.com\/Pages\/ResponsePage.aspx?id=DQSIkWdsW0yxEjajBLZtrQAAAAAAAAAAAAMAAZQZ7hVUQkkxNE01UFhTQ05BNzUxOTY4SFo1WlBHNi4u\" target=\"_blank\" rel=\"noopener\">Conversation 13\/05\/2026 (17h-18h30) \u2013 Formular ausf\u00fcllen<\/a><\/li> <li>Mercredi 03\/06\/2026 - Formulaire d'inscription : <a href=\"https:\/\/forms.office.com\/Pages\/ResponsePage.aspx?id=DQSIkWdsW0yxEjajBLZtrQAAAAAAAAAAAAMAAZQZ7hVUN01CR0kxWUhKS0lFT1BTWFk1U0hIWjI0WC4u\" target=\"_blank\" rel=\"noopener\">Conversation 3\/06\/2026 (17h-18h30) \u2013 Formular ausf\u00fcllen<\/a><\/li> <li>Mercredi 01\/07\/2026 - Formulaire d'inscription : <a href=\"https:\/\/forms.office.com\/Pages\/ResponsePage.aspx?id=DQSIkWdsW0yxEjajBLZtrQAAAAAAAAAAAAMAAZQZ7hVUQ1hSWDhVWkpZRVBDOEdITlowSDNZQ0ZYNi4u\" target=\"_blank\" rel=\"noopener\">Conversation 1\/07\/2026 (17h-18h30) \u2013 Formular ausf\u00fcllen<\/a><\/li> <\/ul>\n<img src=\"https:\/\/ief-saarbruecken.eu\/wp-content\/uploads\/2026\/01\/2026-SLIDER-2-langues-1-histoire.jpg\" title=\"2026 SLIDER 2 langues 1 histoire\" alt=\"2026 SLIDER 2 langues 1 histoire\" srcset=\"https:\/\/ief-saarbruecken.eu\/wp-content\/uploads\/2026\/01\/2026-SLIDER-2-langues-1-histoire.jpg 1500w, https:\/\/ief-saarbruecken.eu\/wp-content\/uploads\/2026\/01\/2026-SLIDER-2-langues-1-histoire-300x120.jpg 300w, https:\/\/ief-saarbruecken.eu\/wp-content\/uploads\/2026\/01\/2026-SLIDER-2-langues-1-histoire-1024x410.jpg 1024w, https:\/\/ief-saarbruecken.eu\/wp-content\/uploads\/2026\/01\/2026-SLIDER-2-langues-1-histoire-768x307.jpg 768w\" sizes=\"(max-width: 1500px) 100vw, 1500px\" \/>\n<h1>Deux langues, une histoire \u2013<br \/>Deutsch-franz\u00f6sisches Vorlesen<\/h1> <p>\u00a0<\/p>\n<ul> <li>Pour enfants 4 ans +<\/li> <li>Gratuit<\/li> <li>Sur inscription : Remplissez nos formulaires ci-dessous<\/li> <li><strong>Stadtbibliothek | Gustav-Regler-Platz 1 | 66111 Saarbr\u00fccken\u00a0<\/strong><\/li> <\/ul> <p>Venez partager un moment avec vos enfants \u00e0 la Stadtbibliothek autour d\u2019une histoire racont\u00e9e en fran\u00e7ais et en allemand ! Les petits explorateurs d\u00e9couvriront un tr\u00e9sor litt\u00e9raire lu \u00e0 deux voix, pour voyager en douceur entre les langues et les cultures.<\/p> <p>\ud83d\udccc <strong>Prochains rendez-vous (de 16h \u00e0 17h) :<\/strong><\/p> <ul> <li>Mardi 21\/04\/2026 - Formulaire d'inscription : <a href=\"https:\/\/forms.office.com\/Pages\/ResponsePage.aspx?id=DQSIkWdsW0yxEjajBLZtrQAAAAAAAAAAAAMAAZQZ7hVUQlVTQlAyR1JZTE5LSDI4RzhKQlFEOVdQSi4u\" target=\"_blank\" rel=\"noopener\">Deux langues, une histoire 21\/04\/2026 \u2013 Formular ausf\u00fcllen<\/a><\/li> <li>Mardi 05\/05\/2026 - Formulaire d'inscription : <a href=\"https:\/\/forms.office.com\/Pages\/ResponsePage.aspx?id=DQSIkWdsW0yxEjajBLZtrQAAAAAAAAAAAAMAAZQZ7hVUNjdQMVNERDMwSzlPTUZaSDFKTlVSVUoyWi4u\" target=\"_blank\" rel=\"noopener\">Deux langues, une histoire 05\/05\/2026 \u2013 Formular ausf\u00fcllen<\/a><\/li> <li>Mardi 09\/06\/2026 - Formulaire d'inscription : <a href=\"https:\/\/forms.office.com\/Pages\/ResponsePage.aspx?id=DQSIkWdsW0yxEjajBLZtrQAAAAAAAAAAAAMAAZQZ7hVUNE1WR0RBTE9FU1NLVjRaQldSRzlMUDZJUC4u\" target=\"_blank\" rel=\"noopener\">Deux langues, une histoire 09\/06\/2026 \u2013 Formular ausf\u00fcllen<\/a><\/li> <li style=\"text-align: left;\">Mardi 21\/07\/2026 - <strong>11h<\/strong> - Formulaire d'inscription : <a href=\"https:\/\/forms.office.com\/Pages\/ResponsePage.aspx?id=DQSIkWdsW0yxEjajBLZtrQAAAAAAAAAAAAMAAZQZ7hVUMFROSE02NlE2TDdEWEtJWkFHVjRGODEyNy4u\" target=\"_blank\" rel=\"noopener\">Deux langues, une histoire 21\/07\/2026 \u2013 Formular ausf\u00fcllen<\/a><\/li> <\/ul>\n<img src=\"https:\/\/ief-saarbruecken.eu\/wp-content\/uploads\/2026\/01\/2026-SLIDER-a-vos-jeux.jpg\" title=\"2026 SLIDER a vos jeux\" alt=\"2026 SLIDER a vos jeux\" srcset=\"https:\/\/ief-saarbruecken.eu\/wp-content\/uploads\/2026\/01\/2026-SLIDER-a-vos-jeux.jpg 1500w, https:\/\/ief-saarbruecken.eu\/wp-content\/uploads\/2026\/01\/2026-SLIDER-a-vos-jeux-300x120.jpg 300w, https:\/\/ief-saarbruecken.eu\/wp-content\/uploads\/2026\/01\/2026-SLIDER-a-vos-jeux-1024x410.jpg 1024w, https:\/\/ief-saarbruecken.eu\/wp-content\/uploads\/2026\/01\/2026-SLIDER-a-vos-jeux-768x307.jpg 768w\" sizes=\"(max-width: 1500px) 100vw, 1500px\" \/>\n<h1>\u00c0 vos jeux !<br \/>Jouer en allemand et en fran\u00e7ais<\/h1> <p>\u00a0<\/p>\n<ul> <li>Pour enfants 6 ans +<\/li> <li>Gratuit<\/li> <li>Sur inscription : Remplissez nos formulaires ci-dessous<\/li> <li><strong>Stadtbibliothek | Gustav-Regler-Platz 1 | 66111 Saarbr\u00fccken <em>OU<\/em> Villa Europa | Kohlweg 7 | 66123 Saarbr\u00fccken\u00a0<\/strong><\/li> <\/ul> <p>Nos apr\u00e8s-midis de jeux franco-allemands, sont organis\u00e9s une fois par mois, en alternance \u00e0 la Villa Europa (IEF) et \u00e0 la Stadtbibliothek de Sarrebruck.<\/p> <p>\ud83d\udccc <strong>Prochains rendez-vous (toujours de 16h \u00e0 18h) :<\/strong><\/p> <ul> <li>Vendredi 10\/04\/2026 \u2013 Villa Europa - Formulaire d'inscription : <a href=\"https:\/\/forms.office.com\/Pages\/ResponsePage.aspx?id=DQSIkWdsW0yxEjajBLZtrQAAAAAAAAAAAAMAAZQZ7hVUM1dTWlZDU1ZPWFpBSTVWUVJQVEtHVTJBUi4u\" target=\"_blank\" rel=\"noopener\">Ran ans Brett 10.04 16-18h \u2013 Formular ausf\u00fcllen<\/a><\/li> <li>Vendredi 22\/05\/2026 \u2013 Villa Europa - Formulaire d'inscription : <a href=\"https:\/\/forms.office.com\/r\/eQZ8cnyaub\" target=\"_blank\" rel=\"noopener\">Ran ans Brett 22.05 16-18h \u2013 Formular ausf\u00fcllen<\/a><\/li> <li>Vendredi 12\/06\/2026 \u2013 Stadtbibliothek Saarbr\u00fccken - Formulaire d'inscription : <a href=\"https:\/\/forms.office.com\/Pages\/ResponsePage.aspx?id=DQSIkWdsW0yxEjajBLZtrQAAAAAAAAAAAAMAAZQZ7hVUQjZIMTMzR1hTS0VIWFdHNDBLT0pKQ0NTSy4u\" target=\"_blank\" rel=\"noopener\">Ran ans Brett 12.06 16-18h \u2013 Formular ausf\u00fcllen<\/a><\/li> <li>Vendredi 10\/07\/2026 \u2013 Villa Europa - Formulaire d'inscription : <a href=\"https:\/\/forms.office.com\/Pages\/ResponsePage.aspx?id=DQSIkWdsW0yxEjajBLZtrQAAAAAAAAAAAAMAAZQZ7hVUNkdZOUs1UkpKUU1YRlNDWVFIRzk2WDFQNS4u\" target=\"_blank\" rel=\"noopener\">Ran ans Brett 10.07 16-18h \u2013 Formular ausf\u00fcllen<\/a><\/li> <\/ul>","_links":{"self":[{"href":"https:\/\/ief-saarbruecken.eu\/fr\/wp-json\/wp\/v2\/pages\/610","targetHints":{"allow":["GET"]}}],"collection":[{"href":"https:\/\/ief-saarbruecken.eu\/fr\/wp-json\/wp\/v2\/pages"}],"about":[{"href":"https:\/\/ief-saarbruecken.eu\/fr\/wp-json\/wp\/v2\/types\/page"}],"author":[{"embeddable":true,"href":"https:\/\/ief-saarbruecken.eu\/fr\/wp-json\/wp\/v2\/users\/1"}],"replies":[{"embeddable":true,"href":"https:\/\/ief-saarbruecken.eu\/fr\/wp-json\/wp\/v2\/comments?post=610"}],"version-history":[{"count":0,"href":"https:\/\/ief-saarbruecken.eu\/fr\/wp-json\/wp\/v2\/pages\/610\/revisions"}],"up":[{"embeddable":true,"href":"https:\/\/ief-saarbruecken.eu\/fr\/wp-json\/wp\/v2\/pages\/614"}],"wp:attachment":[{"href":"https:\/\/ief-saarbruecken.eu\/fr\/wp-json\/wp\/v2\/media?parent=610"}],"curies":[{"name":"wp","href":"https:\/\/api.w.org\/{rel}","templated":true}]}}