{"id":609,"date":"2021-11-30T17:48:32","date_gmt":"2021-11-30T16:48:32","guid":{"rendered":"https:\/\/ief-saarbruecken.eu\/abonnements\/"},"modified":"2024-06-21T17:08:00","modified_gmt":"2024-06-21T15:08:00","slug":"abonnements","status":"publish","type":"page","link":"https:\/\/ief-saarbruecken.eu\/fr\/mediatheque\/abonnements\/","title":{"rendered":"Abonnements"},"content":{"rendered":"<!--themify_builder_content-->\n<div id=\"themify_builder_content-609\" data-postid=\"609\" class=\"themify_builder_content themify_builder_content-609 themify_builder tf_clear\">\n                    <div  data-lazy=\"1\" class=\"module_row themify_builder_row tb_m323807 tb_first tf_w\">\n                        <div class=\"row_inner col_align_top tb_col_count_1 tf_box tf_rel\">\n                        <div  data-lazy=\"1\" class=\"module_column tb-column col-full tb_wdhc808 first\">\n                    <!-- module image -->\n<div  class=\"module module-image tb_jwo3386 image-top   tf_mw\" data-lazy=\"1\">\n        <div class=\"image-wrap tf_rel tf_mw\">\n            <img loading=\"lazy\" decoding=\"async\" width=\"1500\" height=\"447\" src=\"https:\/\/ief-saarbruecken.eu\/wp-content\/uploads\/2021\/12\/ief-themen-ausleihe.jpg\" class=\"wp-post-image wp-image-601\" title=\"ief-sujets-Abonnements\" alt=\"ief nthemen ausleihe\" srcset=\"https:\/\/ief-saarbruecken.eu\/wp-content\/uploads\/2021\/12\/ief-themen-ausleihe.jpg 1500w, https:\/\/ief-saarbruecken.eu\/wp-content\/uploads\/2021\/12\/ief-themen-ausleihe-300x89.jpg 300w, https:\/\/ief-saarbruecken.eu\/wp-content\/uploads\/2021\/12\/ief-themen-ausleihe-1024x305.jpg 1024w, https:\/\/ief-saarbruecken.eu\/wp-content\/uploads\/2021\/12\/ief-themen-ausleihe-768x229.jpg 768w\" sizes=\"auto, (max-width: 1500px) 100vw, 1500px\" \/>    \n        <\/div>\n    <!-- \/image-wrap -->\n    \n        <\/div>\n<!-- \/module image -->        <\/div>\n                        <\/div>\n        <\/div>\n                        <div  data-lazy=\"1\" class=\"module_row themify_builder_row tb_2thf367 tf_w\">\n                        <div class=\"row_inner col_align_top tb_col_count_1 tf_box tf_rel\">\n                        <div  data-lazy=\"1\" class=\"module_column tb-column col-full tb_up5q367 first\">\n                    <!-- module text -->\n<div  class=\"module module-text tb_gsjf982   \" data-lazy=\"1\">\n        <div  class=\"tb_text_wrap\">\n        <h3>Demande d&rsquo;inscription<\/h3>\n<p>Envoyez-nous votre demande d\u2019inscription en remplissant <a href=\"https:\/\/ief-saarbruecken.eu\/fr\/mediatheque\/formulaire-dinscription\/\" target=\"_blank\" rel=\"noopener\">le formulaire en ligne<\/a>.<br \/>Nous vous contacterons le plus vite possible pour finaliser votre inscription.\u00a0<\/p>    <\/div>\n<\/div>\n<!-- \/module text -->        <\/div>\n                        <\/div>\n        <\/div>\n                        <div  data-lazy=\"1\" class=\"module_row themify_builder_row tb_ihqy466 tf_w\">\n                        <div class=\"row_inner col_align_top tb_col_count_1 tf_box tf_rel\">\n                        <div  data-lazy=\"1\" class=\"module_column tb-column col-full tb_sp03467 first\">\n                    <!-- module text -->\n<div  class=\"module module-text tb_hd41468   \" data-lazy=\"1\">\n        <div  class=\"tb_text_wrap\">\n        <h3>Co\u00fbt de l&rsquo;adh\u00e9sion \u00e0 la m\u00e9diath\u00e8que \/ abonnement pour 12 mois<\/h3>\n<ul>\n<li>\n<p>Tarif normal : 25 \u20ac<br \/>Adulte et max. deux enfants de moins de 18 ans sous sa responsabilit\u00e9.<\/p>\n<\/li>\n<\/ul>\n<ul>\n<li>Tarif r\u00e9duit : 18 \u20ac<br \/>Etudiants de moins de 25 ans, volontaires, apprentis et demandeurs d\u2019emploi.<\/li>\n<\/ul>\n<ul>\n<li>Tarif pour les collectivit\u00e9s : 25 \u20ac<br \/>Etablissements scolaires, m\u00e9diath\u00e8ques, centres socio-\u00e9ducatifs, centres de loisirs.<\/li>\n<\/ul>\n<pre>\u00a0<\/pre>\n<p style=\"text-align: left;\"><em>&gt;&gt; L&rsquo;abonnement \u00e0 la m\u00e9diath\u00e8que comprend l&rsquo;inscription \u00e0 Cultureth\u00e8que.<\/em><br \/><em>&gt;&gt; Le paiement de la cotisation annuelle peut \u00eatre effectu\u00e9 par virement ou en esp\u00e8ces sur place.<\/em><\/p>    <\/div>\n<\/div>\n<!-- \/module text -->        <\/div>\n                        <\/div>\n        <\/div>\n                        <div  data-lazy=\"1\" class=\"module_row themify_builder_row tb_2s65429 tf_w\">\n                        <div class=\"row_inner col_align_top tb_col_count_1 tf_box tf_rel\">\n                        <div  data-lazy=\"1\" class=\"module_column tb-column col-full tb_tvjn430 first\">\n                    <!-- module buttons -->\n<div  class=\"module module-buttons tb_fjje83 buttons-horizontal outline   rounded\" data-lazy=\"1\">\n        <div class=\"module-buttons-item tf_in_flx\">\n                        <a href=\"https:\/\/ief-saarbruecken.eu\/fr\/mediatheque\/formulaire-dinscription\/\" class=\"ui builder_button tf_in_flx orange\" target=\"_blank\" rel=\"noopener\">\n                                    <em><svg  class=\"tf_fa tf-ti-angle-double-right\" xmlns:xlink=\"http:\/\/www.w3.org\/1999\/xlink\" aria-hidden=\"true\"><use href=\"#tf-ti-angle-double-right\" xlink:href=\"#tf-ti-angle-double-right\"><\/use><\/svg><\/em>                                        Remplir le formulaire d'inscription                                        <\/a>\n                <\/div>\n            <\/div>\n<!-- \/module buttons -->\n        <\/div>\n                        <\/div>\n        <\/div>\n        <\/div>\n<!--\/themify_builder_content-->","protected":false},"excerpt":{"rendered":"<p>Demande d&rsquo;inscription Envoyez-nous votre demande d\u2019inscription en remplissant le formulaire en ligne.Nous vous contacterons le plus vite possible pour finaliser votre inscription.\u00a0<\/p>\n","protected":false},"author":1,"featured_media":0,"parent":614,"menu_order":0,"comment_status":"closed","ping_status":"closed","template":"","meta":{"footnotes":""},"class_list":["post-609","page","type-page","status-publish","hentry","has-post-title","has-post-date","has-post-category","has-post-tag","has-post-comment","has-post-author",""],"builder_content":"<img src=\"https:\/\/ief-saarbruecken.eu\/wp-content\/uploads\/2021\/12\/ief-themen-ausleihe.jpg\" title=\"ief-sujets-Abonnements\" alt=\"ief nthemen ausleihe\" srcset=\"https:\/\/ief-saarbruecken.eu\/wp-content\/uploads\/2021\/12\/ief-themen-ausleihe.jpg 1500w, https:\/\/ief-saarbruecken.eu\/wp-content\/uploads\/2021\/12\/ief-themen-ausleihe-300x89.jpg 300w, https:\/\/ief-saarbruecken.eu\/wp-content\/uploads\/2021\/12\/ief-themen-ausleihe-1024x305.jpg 1024w, https:\/\/ief-saarbruecken.eu\/wp-content\/uploads\/2021\/12\/ief-themen-ausleihe-768x229.jpg 768w\" sizes=\"(max-width: 1500px) 100vw, 1500px\" \/>\n<h3>Demande d'inscription<\/h3> <p>Envoyez-nous votre demande d\u2019inscription en remplissant <a href=\"https:\/\/ief-saarbruecken.eu\/fr\/mediatheque\/formulaire-dinscription\/\" target=\"_blank\" rel=\"noopener\">le formulaire en ligne<\/a>.<br \/>Nous vous contacterons le plus vite possible pour finaliser votre inscription.\u00a0<\/p>\n<h3>Co\u00fbt de l'adh\u00e9sion \u00e0 la m\u00e9diath\u00e8que \/ abonnement pour 12 mois<\/h3> <ul> <li> <p>Tarif normal : 25 \u20ac<br \/>Adulte et max. deux enfants de moins de 18 ans sous sa responsabilit\u00e9.<\/p> <\/li> <\/ul> <ul> <li>Tarif r\u00e9duit : 18 \u20ac<br \/>Etudiants de moins de 25 ans, volontaires, apprentis et demandeurs d\u2019emploi.<\/li> <\/ul> <ul> <li>Tarif pour les collectivit\u00e9s : 25 \u20ac<br \/>Etablissements scolaires, m\u00e9diath\u00e8ques, centres socio-\u00e9ducatifs, centres de loisirs.<\/li> <\/ul> <pre>\u00a0<\/pre> <p style=\"text-align: left;\"><em>&gt;&gt; L'abonnement \u00e0 la m\u00e9diath\u00e8que comprend l'inscription \u00e0 Cultureth\u00e8que.<\/em><br \/><em>&gt;&gt; Le paiement de la cotisation annuelle peut \u00eatre effectu\u00e9 par virement ou en esp\u00e8ces sur place.<\/em><\/p>\n<a href=\"https:\/\/ief-saarbruecken.eu\/fr\/mediatheque\/formulaire-dinscription\/\" target=\"_blank\" rel=\"noopener\"> <em><svg xmlns:xlink=\"http:\/\/www.w3.org\/1999\/xlink\" aria-hidden=\"true\"><use href=\"#tf-ti-angle-double-right\" xlink:href=\"#tf-ti-angle-double-right\"><\/use><\/svg><\/em> Remplir le formulaire d'inscription <\/a>","_links":{"self":[{"href":"https:\/\/ief-saarbruecken.eu\/fr\/wp-json\/wp\/v2\/pages\/609","targetHints":{"allow":["GET"]}}],"collection":[{"href":"https:\/\/ief-saarbruecken.eu\/fr\/wp-json\/wp\/v2\/pages"}],"about":[{"href":"https:\/\/ief-saarbruecken.eu\/fr\/wp-json\/wp\/v2\/types\/page"}],"author":[{"embeddable":true,"href":"https:\/\/ief-saarbruecken.eu\/fr\/wp-json\/wp\/v2\/users\/1"}],"replies":[{"embeddable":true,"href":"https:\/\/ief-saarbruecken.eu\/fr\/wp-json\/wp\/v2\/comments?post=609"}],"version-history":[{"count":0,"href":"https:\/\/ief-saarbruecken.eu\/fr\/wp-json\/wp\/v2\/pages\/609\/revisions"}],"up":[{"embeddable":true,"href":"https:\/\/ief-saarbruecken.eu\/fr\/wp-json\/wp\/v2\/pages\/614"}],"wp:attachment":[{"href":"https:\/\/ief-saarbruecken.eu\/fr\/wp-json\/wp\/v2\/media?parent=609"}],"curies":[{"name":"wp","href":"https:\/\/api.w.org\/{rel}","templated":true}]}}