{"id":608,"date":"2021-11-30T17:16:49","date_gmt":"2021-11-30T16:16:49","guid":{"rendered":"https:\/\/ief-saarbruecken.eu\/notre-equipe\/"},"modified":"2026-03-28T04:44:48","modified_gmt":"2026-03-28T03:44:48","slug":"notre-equipe","status":"publish","type":"page","link":"https:\/\/ief-saarbruecken.eu\/fr\/notre-equipe\/","title":{"rendered":"Notre \u00e9quipe"},"content":{"rendered":"<!--themify_builder_content-->\n<div id=\"themify_builder_content-608\" data-postid=\"608\" class=\"themify_builder_content themify_builder_content-608 themify_builder tf_clear\">\n                    <div  data-lazy=\"1\" class=\"module_row themify_builder_row tb_9wkl101 tb_first tf_w\">\n                        <div class=\"row_inner col_align_top gutter-none tb_col_count_2 tf_box tf_rel\">\n                        <div  data-lazy=\"1\" class=\"module_column tb-column col4-2 tb_q6w7101 first\">\n                    <!-- module image -->\n<div  class=\"module module-image tb_nd6j101 image-top   tf_mw\" data-lazy=\"1\">\n        <div class=\"image-wrap tf_rel tf_mw\">\n            <img loading=\"lazy\" decoding=\"async\" width=\"2069\" height=\"1688\" src=\"https:\/\/ief-saarbruecken.eu\/wp-content\/uploads\/2025\/10\/VILLA-Team-IEF-662x540px.jpg\" class=\"wp-post-image wp-image-2649\" title=\"VILLA Team IEF 662x540px\" alt=\"VILLA Team IEF 662x540px\" srcset=\"https:\/\/ief-saarbruecken.eu\/wp-content\/uploads\/2025\/10\/VILLA-Team-IEF-662x540px.jpg 2069w, https:\/\/ief-saarbruecken.eu\/wp-content\/uploads\/2025\/10\/VILLA-Team-IEF-662x540px-300x245.jpg 300w, https:\/\/ief-saarbruecken.eu\/wp-content\/uploads\/2025\/10\/VILLA-Team-IEF-662x540px-1024x835.jpg 1024w, https:\/\/ief-saarbruecken.eu\/wp-content\/uploads\/2025\/10\/VILLA-Team-IEF-662x540px-768x627.jpg 768w, https:\/\/ief-saarbruecken.eu\/wp-content\/uploads\/2025\/10\/VILLA-Team-IEF-662x540px-1536x1253.jpg 1536w, https:\/\/ief-saarbruecken.eu\/wp-content\/uploads\/2025\/10\/VILLA-Team-IEF-662x540px-2048x1671.jpg 2048w\" sizes=\"auto, (max-width: 2069px) 100vw, 2069px\" \/>    \n        <\/div>\n    <!-- \/image-wrap -->\n    \n        <\/div>\n<!-- \/module image -->        <\/div>\n                    <div  data-lazy=\"1\" class=\"module_column tb-column col4-2 tb_8rwz101 last\">\n                    <!-- module image -->\n<div  class=\"module module-image tb_0bhv101 image-top   tf_mw\" data-lazy=\"1\">\n        <div class=\"image-wrap tf_rel tf_mw\">\n            <img loading=\"lazy\" decoding=\"async\" width=\"662\" height=\"540\" src=\"https:\/\/ief-saarbruecken.eu\/wp-content\/uploads\/2026\/03\/Team-IEF-mars-2026-662x540px.png\" class=\"wp-post-image wp-image-3002\" title=\"Team IEF mars 2026 662x540px\" alt=\"Team IEF mars 2026 662x540px\" srcset=\"https:\/\/ief-saarbruecken.eu\/wp-content\/uploads\/2026\/03\/Team-IEF-mars-2026-662x540px.png 662w, https:\/\/ief-saarbruecken.eu\/wp-content\/uploads\/2026\/03\/Team-IEF-mars-2026-662x540px-300x245.png 300w\" sizes=\"auto, (max-width: 662px) 100vw, 662px\" \/>    \n        <\/div>\n    <!-- \/image-wrap -->\n    \n        <\/div>\n<!-- \/module image -->        <\/div>\n                        <\/div>\n        <\/div>\n                        <div  data-lazy=\"1\" class=\"module_row themify_builder_row tb_l65j101 tf_w\">\n                        <div class=\"row_inner col_align_top tb_col_count_1 tf_box tf_rel\">\n                        <div  data-lazy=\"1\" class=\"module_column tb-column col-full tb_4xwc101 first\">\n                            <div  data-lazy=\"1\" class=\"module_subrow themify_builder_sub_row tf_w col_align_top tb_col_count_1 tb_fxiu101\">\n                <div  data-lazy=\"1\" class=\"module_column sub_column col-full tb_s4lt101 first\">\n                    <!-- module text -->\n<div  class=\"module module-text tb_pdr2101   \" data-lazy=\"1\">\n        <div  class=\"tb_text_wrap\">\n        <h2>Une \u00e9quipe pluridisciplinaire avec un engagement commun : la relation franco-allemande<\/h2>    <\/div>\n<\/div>\n<!-- \/module text --><!-- module text -->\n<div  class=\"module module-text tb_hmub101   \" data-lazy=\"1\">\n        <div  class=\"tb_text_wrap\">\n        <p>Que nous travaillions dans les domaines linguistique, universitaire ou culturel, nous nous engageons tous pour la diffusion de la culture fran\u00e7aise et de la francophonie en Allemagne, ainsi que pour la coop\u00e9ration entre nos deux pays.<\/p>    <\/div>\n<\/div>\n<!-- \/module text -->        <\/div>\n                    <\/div>\n                <\/div>\n                        <\/div>\n        <\/div>\n                        <div  data-lazy=\"1\" class=\"module_row themify_builder_row tb_b5as101 tf_w\">\n                        <div class=\"row_inner col_align_top tb_col_count_1 tf_box tf_rel\">\n                        <div  data-lazy=\"1\" class=\"module_column tb-column col-full tb_43c0101 first\">\n                    <!-- module divider -->\n<div  class=\"module tf_mw module-divider tb_9x90101 solid   \" style=\"border-width: 1px;border-color: #053b5c;margin-top: 15px;margin-bottom: 15px;\" data-lazy=\"1\">\n    <\/div>\n<!-- \/module divider -->\n        <\/div>\n                        <\/div>\n        <\/div>\n                        <div  data-lazy=\"1\" class=\"module_row themify_builder_row tb_vpjw101 tf_w\">\n                        <div class=\"row_inner col_align_top tb_col_count_3 tf_box tf_rel\">\n                        <div  data-lazy=\"1\" class=\"module_column tb-column col3-1 tb_8d7t101 first\">\n                    <!-- module text -->\n<div  class=\"module module-text tb_se5q101   \" data-lazy=\"1\">\n        <div  class=\"tb_text_wrap\">\n        <h3 style=\"text-align: left;\">Anne-Sophie Donnarieix<\/h3>    <\/div>\n<\/div>\n<!-- \/module text -->        <\/div>\n                    <div  data-lazy=\"1\" class=\"module_column tb-column col3-1 tb_szr1101\">\n                    <!-- module text -->\n<div  class=\"module module-text tb_88yd101   \" data-lazy=\"1\">\n        <div  class=\"tb_text_wrap\">\n        <p style=\"text-align: left;\">Direction<\/p>    <\/div>\n<\/div>\n<!-- \/module text -->        <\/div>\n                    <div  data-lazy=\"1\" class=\"module_column tb-column col3-1 tb_t0zd101 last\">\n                    <!-- module text -->\n<div  class=\"module module-text tb_bedn101   \" data-lazy=\"1\">\n        <div  class=\"tb_text_wrap\">\n        <p style=\"text-align: left;\"><a href=\"mailto:donnarieix@ief-saarbruecken.eu\">donnarieix@ief-saarbruecken.eu<\/a><\/p>    <\/div>\n<\/div>\n<!-- \/module text -->        <\/div>\n                        <\/div>\n        <\/div>\n                        <div  data-lazy=\"1\" class=\"module_row themify_builder_row tb_ynph101 tf_w\">\n                        <div class=\"row_inner col_align_top tb_col_count_1 tf_box tf_rel\">\n                        <div  data-lazy=\"1\" class=\"module_column tb-column col-full tb_vm1b101 first\">\n                    <!-- module divider -->\n<div  class=\"module tf_mw module-divider tb_n54k101 solid   \" style=\"border-width: 1px;border-color: #053b5c;margin-top: 15px;margin-bottom: 15px;\" data-lazy=\"1\">\n    <\/div>\n<!-- \/module divider -->\n        <\/div>\n                        <\/div>\n        <\/div>\n                        <div  data-lazy=\"1\" class=\"module_row themify_builder_row tb_d249101 tf_w\">\n                        <div class=\"row_inner col_align_top tb_col_count_3 tf_box tf_rel\">\n                        <div  data-lazy=\"1\" class=\"module_column tb-column col3-1 tb_47ls101 first\">\n                    <!-- module text -->\n<div  class=\"module module-text tb_5739101   \" data-lazy=\"1\">\n        <div  class=\"tb_text_wrap\">\n        <h3 style=\"text-align: left;\">Morgane Brette<\/h3>    <\/div>\n<\/div>\n<!-- \/module text -->        <\/div>\n                    <div  data-lazy=\"1\" class=\"module_column tb-column col3-1 tb_whnd101\">\n                    <!-- module text -->\n<div  class=\"module module-text tb_s6r8101   \" data-lazy=\"1\">\n        <div  class=\"tb_text_wrap\">\n        <p>Charg\u00e9e de mission linguistique<br>Certifications DELF-DALF<\/p>\n<p>Cours de langue<\/p>\n<p>Projets p\u00e9dagogiques<\/p>    <\/div>\n<\/div>\n<!-- \/module text -->        <\/div>\n                    <div  data-lazy=\"1\" class=\"module_column tb-column col3-1 tb_l96b101 last\">\n                    <!-- module text -->\n<div  class=\"module module-text tb_dohe101   \" data-lazy=\"1\">\n        <div  class=\"tb_text_wrap\">\n        <p style=\"text-align: left;\">T\u00e9l\u00e9phone : +49 681 93812-200<br><a href=\"mailto:delf.saarbruecken@institutfrancais.de\">examenslangue.sarrebruck@institutfrancais.de<\/a><\/p>\n<p style=\"text-align: left;\"><a href=\"mailto:langue@ief.saarbruecken.eu\">langue@ief.saarbruecken.eu<\/a><\/p>\n<p style=\"text-align: left;\"><a href=\"mailto:brette@ief-saarbuecken.eu\">brette@ief-saarbuecken.eu<\/a><\/p>    <\/div>\n<\/div>\n<!-- \/module text -->        <\/div>\n                        <\/div>\n        <\/div>\n                        <div  data-lazy=\"1\" class=\"module_row themify_builder_row tb_hqsn101 tf_w\">\n                        <div class=\"row_inner col_align_top tb_col_count_1 tf_box tf_rel\">\n                        <div  data-lazy=\"1\" class=\"module_column tb-column col-full tb_tmjw101 first\">\n                    <!-- module divider -->\n<div  class=\"module tf_mw module-divider tb_m0du101 solid   \" style=\"border-width: 1px;border-color: #053b5c;margin-top: 15px;margin-bottom: 15px;\" data-lazy=\"1\">\n    <\/div>\n<!-- \/module divider -->\n        <\/div>\n                        <\/div>\n        <\/div>\n                        <div  data-lazy=\"1\" class=\"module_row themify_builder_row tb_fytd101 tf_w\">\n                        <div class=\"row_inner col_align_top tb_col_count_3 tf_box tf_rel\">\n                        <div  data-lazy=\"1\" class=\"module_column tb-column col3-1 tb_hjwj101 first\">\n                    <!-- module text -->\n<div  class=\"module module-text tb_9hwu101   \" data-lazy=\"1\">\n        <div  class=\"tb_text_wrap\">\n        <h3 style=\"text-align: left;\">Marion Schumacher<\/h3>    <\/div>\n<\/div>\n<!-- \/module text -->        <\/div>\n                    <div  data-lazy=\"1\" class=\"module_column tb-column col3-1 tb_guxi101\">\n                    <!-- module text -->\n<div  class=\"module module-text tb_vbz5101   \" data-lazy=\"1\">\n        <div  class=\"tb_text_wrap\">\n        <p style=\"text-align: left;\">Charg\u00e9e de mission culturelle | M\u00e9diath\u00e8que<\/p>    <\/div>\n<\/div>\n<!-- \/module text -->        <\/div>\n                    <div  data-lazy=\"1\" class=\"module_column tb-column col3-1 tb_7w98101 last\">\n                    <!-- module text -->\n<div  class=\"module module-text tb_u406101   \" data-lazy=\"1\">\n        <div  class=\"tb_text_wrap\">\n        <p style=\"text-align: left;\">T\u00e9l\u00e9phone : +49 681 93812-201<br \/><a href=\"mailto:info@ief-saarbruecken.eu\">info@ief-saarbruecken.eu<\/a><br \/><a href=\"mailto:culture@ief-saarbruecken.eu\">culture@ief-saarbruecken.eu<\/a><\/p>    <\/div>\n<\/div>\n<!-- \/module text -->        <\/div>\n                        <\/div>\n        <\/div>\n                        <div  data-lazy=\"1\" class=\"module_row themify_builder_row tb_lzib101 tf_w\">\n                        <div class=\"row_inner col_align_top tb_col_count_1 tf_box tf_rel\">\n                        <div  data-lazy=\"1\" class=\"module_column tb-column col-full tb_yqqf101 first\">\n                    <!-- module divider -->\n<div  class=\"module tf_mw module-divider tb_wm87101 solid   \" style=\"border-width: 1px;border-color: #053b5c;margin-top: 15px;margin-bottom: 15px;\" data-lazy=\"1\">\n    <\/div>\n<!-- \/module divider -->\n        <\/div>\n                        <\/div>\n        <\/div>\n                        <div  data-lazy=\"1\" class=\"module_row themify_builder_row tb_79v8101 tf_w\">\n                        <div class=\"row_inner col_align_top tb_col_count_3 tf_box tf_rel\">\n                        <div  data-lazy=\"1\" class=\"module_column tb-column col3-1 tb_j2pq101 first\">\n                    <!-- module text -->\n<div  class=\"module module-text tb_5ndj101   \" data-lazy=\"1\">\n        <div  class=\"tb_text_wrap\">\n        <h3 style=\"text-align: left;\">Emma Sannac\u00a0<\/h3>\n<h3 style=\"text-align: left;\">Mayeul Domenget<\/h3>    <\/div>\n<\/div>\n<!-- \/module text -->        <\/div>\n                    <div  data-lazy=\"1\" class=\"module_column tb-column col3-1 tb_w1ga101\">\n                    <!-- module text -->\n<div  class=\"module module-text tb_fvcr101   \" data-lazy=\"1\">\n        <div  class=\"tb_text_wrap\">\n        <p style=\"text-align: left;\">Assistante de mission linguistique<\/p>\n<p>Volontariat culturel franco-allemand<\/p>    <\/div>\n<\/div>\n<!-- \/module text -->        <\/div>\n                    <div  data-lazy=\"1\" class=\"module_column tb-column col3-1 tb_ruz9101 last\">\n                    <!-- module text -->\n<div  class=\"module module-text tb_153d101   \" data-lazy=\"1\">\n        <div  class=\"tb_text_wrap\">\n        <p style=\"text-align: left;\"><a href=\"mailto:kontakt@ief-saarbruecken.eu\">kontakt@ief-saarbruecken.eu<\/a><\/p>    <\/div>\n<\/div>\n<!-- \/module text -->        <\/div>\n                        <\/div>\n        <\/div>\n                        <div  data-lazy=\"1\" class=\"module_row themify_builder_row tb_7bsk101 tf_w\">\n                        <div class=\"row_inner col_align_top tb_col_count_1 tf_box tf_rel\">\n                        <div  data-lazy=\"1\" class=\"module_column tb-column col-full tb_2k0g101 first\">\n                    <!-- module divider -->\n<div  class=\"module tf_mw module-divider tb_agzx101 solid   \" style=\"border-width: 1px;border-color: #053b5c;margin-top: 15px;margin-bottom: 15px;\" data-lazy=\"1\">\n    <\/div>\n<!-- \/module divider -->\n        <\/div>\n                        <\/div>\n        <\/div>\n                        <div  data-lazy=\"1\" class=\"module_row themify_builder_row tb_klzn101 tf_w\">\n                        <div class=\"row_inner col_align_top tb_col_count_3 tf_box tf_rel\">\n                        <div  data-lazy=\"1\" class=\"module_column tb-column col3-1 tb_nbtb101 first\">\n                    <!-- module text -->\n<div  class=\"module module-text tb_jwva101   \" data-lazy=\"1\">\n        <div  class=\"tb_text_wrap\">\n        <h3 style=\"text-align: left;\">Violette Vincent<\/h3>    <\/div>\n<\/div>\n<!-- \/module text -->        <\/div>\n                    <div  data-lazy=\"1\" class=\"module_column tb-column col3-1 tb_2kef101\">\n                    <!-- module text -->\n<div  class=\"module module-text tb_qkdg101   \" data-lazy=\"1\">\n        <div  class=\"tb_text_wrap\">\n        <p style=\"text-align: left;\">M\u00e9diath\u00e8que<br>Volontariat culturel franco-allemand<\/p>    <\/div>\n<\/div>\n<!-- \/module text -->        <\/div>\n                    <div  data-lazy=\"1\" class=\"module_column tb-column col3-1 tb_24yr101 last\">\n                    <!-- module text -->\n<div  class=\"module module-text tb_637c101   \" data-lazy=\"1\">\n        <div  class=\"tb_text_wrap\">\n        <p style=\"text-align: left;\">T\u00e9l\u00e9phone : +49 681 93812-202<br \/><a href=\"mailto:mediathek@ief-saarbruecken.eu\">mediathek@ief-saarbruecken.eu<\/a><\/p>    <\/div>\n<\/div>\n<!-- \/module text -->        <\/div>\n                        <\/div>\n        <\/div>\n                        <div  data-lazy=\"1\" class=\"module_row themify_builder_row tb_mvy8101 tf_w\">\n                        <div class=\"row_inner col_align_top tb_col_count_1 tf_box tf_rel\">\n                        <div  data-lazy=\"1\" class=\"module_column tb-column col-full tb_6hw1101 first\">\n                    <!-- module divider -->\n<div  class=\"module tf_mw module-divider tb_ip02101 solid   \" style=\"border-width: 1px;border-color: #053b5c;margin-top: 15px;margin-bottom: 15px;\" data-lazy=\"1\">\n    <\/div>\n<!-- \/module divider -->\n        <\/div>\n                        <\/div>\n        <\/div>\n        <\/div>\n<!--\/themify_builder_content-->","protected":false},"excerpt":{"rendered":"<p>Une \u00e9quipe pluridisciplinaire avec un engagement commun : la relation franco-allemande<\/p>\n","protected":false},"author":1,"featured_media":0,"parent":0,"menu_order":0,"comment_status":"closed","ping_status":"closed","template":"","meta":{"footnotes":""},"class_list":["post-608","page","type-page","status-publish","hentry","has-post-title","has-post-date","has-post-category","has-post-tag","has-post-comment","has-post-author",""],"builder_content":"<img src=\"https:\/\/ief-saarbruecken.eu\/wp-content\/uploads\/2025\/10\/VILLA-Team-IEF-662x540px.jpg\" title=\"VILLA Team IEF 662x540px\" alt=\"VILLA Team IEF 662x540px\" srcset=\"https:\/\/ief-saarbruecken.eu\/wp-content\/uploads\/2025\/10\/VILLA-Team-IEF-662x540px.jpg 2069w, https:\/\/ief-saarbruecken.eu\/wp-content\/uploads\/2025\/10\/VILLA-Team-IEF-662x540px-300x245.jpg 300w, https:\/\/ief-saarbruecken.eu\/wp-content\/uploads\/2025\/10\/VILLA-Team-IEF-662x540px-1024x835.jpg 1024w, https:\/\/ief-saarbruecken.eu\/wp-content\/uploads\/2025\/10\/VILLA-Team-IEF-662x540px-768x627.jpg 768w, https:\/\/ief-saarbruecken.eu\/wp-content\/uploads\/2025\/10\/VILLA-Team-IEF-662x540px-1536x1253.jpg 1536w, https:\/\/ief-saarbruecken.eu\/wp-content\/uploads\/2025\/10\/VILLA-Team-IEF-662x540px-2048x1671.jpg 2048w\" sizes=\"(max-width: 2069px) 100vw, 2069px\" \/>\n<img src=\"https:\/\/ief-saarbruecken.eu\/wp-content\/uploads\/2026\/03\/Team-IEF-mars-2026-662x540px.png\" title=\"Team IEF mars 2026 662x540px\" alt=\"Team IEF mars 2026 662x540px\" srcset=\"https:\/\/ief-saarbruecken.eu\/wp-content\/uploads\/2026\/03\/Team-IEF-mars-2026-662x540px.png 662w, https:\/\/ief-saarbruecken.eu\/wp-content\/uploads\/2026\/03\/Team-IEF-mars-2026-662x540px-300x245.png 300w\" sizes=\"(max-width: 662px) 100vw, 662px\" \/>\n<h2>Une \u00e9quipe pluridisciplinaire avec un engagement commun : la relation franco-allemande<\/h2>\n<p>Que nous travaillions dans les domaines linguistique, universitaire ou culturel, nous nous engageons tous pour la diffusion de la culture fran\u00e7aise et de la francophonie en Allemagne, ainsi que pour la coop\u00e9ration entre nos deux pays.<\/p>\n\n<h3 style=\"text-align: left;\">Anne-Sophie Donnarieix<\/h3>\n<p style=\"text-align: left;\">Direction<\/p>\n<p style=\"text-align: left;\"><a href=\"mailto:donnarieix@ief-saarbruecken.eu\">donnarieix@ief-saarbruecken.eu<\/a><\/p>\n\n<h3 style=\"text-align: left;\">Morgane Brette<\/h3>\n<p>Charg\u00e9e de mission linguistique<br>Certifications DELF-DALF<\/p> <p>Cours de langue<\/p> <p>Projets p\u00e9dagogiques<\/p>\n<p style=\"text-align: left;\">T\u00e9l\u00e9phone : +49 681 93812-200<br><a href=\"mailto:delf.saarbruecken@institutfrancais.de\">examenslangue.sarrebruck@institutfrancais.de<\/a><\/p> <p style=\"text-align: left;\"><a href=\"mailto:langue@ief.saarbruecken.eu\">langue@ief.saarbruecken.eu<\/a><\/p> <p style=\"text-align: left;\"><a href=\"mailto:brette@ief-saarbuecken.eu\">brette@ief-saarbuecken.eu<\/a><\/p>\n\n<h3 style=\"text-align: left;\">Marion Schumacher<\/h3>\n<p style=\"text-align: left;\">Charg\u00e9e de mission culturelle | M\u00e9diath\u00e8que<\/p>\n<p style=\"text-align: left;\">T\u00e9l\u00e9phone : +49 681 93812-201<br \/><a href=\"mailto:info@ief-saarbruecken.eu\">info@ief-saarbruecken.eu<\/a><br \/><a href=\"mailto:culture@ief-saarbruecken.eu\">culture@ief-saarbruecken.eu<\/a><\/p>\n\n<h3 style=\"text-align: left;\">Emma Sannac\u00a0<\/h3> <h3 style=\"text-align: left;\">Mayeul Domenget<\/h3>\n<p style=\"text-align: left;\">Assistante de mission linguistique<\/p> <p>Volontariat culturel franco-allemand<\/p>\n<p style=\"text-align: left;\"><a href=\"mailto:kontakt@ief-saarbruecken.eu\">kontakt@ief-saarbruecken.eu<\/a><\/p>\n\n<h3 style=\"text-align: left;\">Violette Vincent<\/h3>\n<p style=\"text-align: left;\">M\u00e9diath\u00e8que<br>Volontariat culturel franco-allemand<\/p>\n<p style=\"text-align: left;\">T\u00e9l\u00e9phone : +49 681 93812-202<br \/><a href=\"mailto:mediathek@ief-saarbruecken.eu\">mediathek@ief-saarbruecken.eu<\/a><\/p>\n","_links":{"self":[{"href":"https:\/\/ief-saarbruecken.eu\/fr\/wp-json\/wp\/v2\/pages\/608","targetHints":{"allow":["GET"]}}],"collection":[{"href":"https:\/\/ief-saarbruecken.eu\/fr\/wp-json\/wp\/v2\/pages"}],"about":[{"href":"https:\/\/ief-saarbruecken.eu\/fr\/wp-json\/wp\/v2\/types\/page"}],"author":[{"embeddable":true,"href":"https:\/\/ief-saarbruecken.eu\/fr\/wp-json\/wp\/v2\/users\/1"}],"replies":[{"embeddable":true,"href":"https:\/\/ief-saarbruecken.eu\/fr\/wp-json\/wp\/v2\/comments?post=608"}],"version-history":[{"count":0,"href":"https:\/\/ief-saarbruecken.eu\/fr\/wp-json\/wp\/v2\/pages\/608\/revisions"}],"wp:attachment":[{"href":"https:\/\/ief-saarbruecken.eu\/fr\/wp-json\/wp\/v2\/media?parent=608"}],"curies":[{"name":"wp","href":"https:\/\/api.w.org\/{rel}","templated":true}]}}