{"id":606,"date":"2022-01-07T10:00:49","date_gmt":"2022-01-07T09:00:49","guid":{"rendered":"https:\/\/ief-saarbruecken.eu\/proprietaire\/"},"modified":"2022-01-07T10:00:56","modified_gmt":"2022-01-07T09:00:56","slug":"proprietaire","status":"publish","type":"page","link":"https:\/\/ief-saarbruecken.eu\/fr\/proprietaire\/","title":{"rendered":"Propri\u00e9taire"},"content":{"rendered":"<!--themify_builder_content-->\n<div id=\"themify_builder_content-606\" data-postid=\"606\" class=\"themify_builder_content themify_builder_content-606 themify_builder tf_clear\">\n                    <div  data-lazy=\"1\" class=\"module_row themify_builder_row tb_j2lh931 tb_first tf_w\">\n                        <div class=\"row_inner col_align_top tb_col_count_1 tf_box tf_rel\">\n                        <div  data-lazy=\"1\" class=\"module_column tb-column col-full tb_5yos255 first\">\n                            <div  data-lazy=\"1\" class=\"module_subrow themify_builder_sub_row tf_w col_align_top tb_col_count_1 tb_ke4q005\">\n                <div  data-lazy=\"1\" class=\"module_column sub_column col-full tb_ry4a488 first\">\n                    <!-- module text -->\n<div  class=\"module module-text tb_gbke100   \" data-lazy=\"1\">\n        <div  class=\"tb_text_wrap\">\n        <p><strong>Des comp\u00e9tences diverses, une passion : les relations franco-allemandes.<\/strong><\/p>    <\/div>\n<\/div>\n<!-- \/module text --><!-- module text -->\n<div  class=\"module module-text tb_fglm200   \" data-lazy=\"1\">\n        <div  class=\"tb_text_wrap\">\n        <p>Que ce soit dans la formation linguistique, dans l&rsquo;enseignement sup\u00e9rieur ou dans la culture : Nous nous engageons tous \u00e0 diffuser la langue fran\u00e7aise et la culture francophone en Allemagne et \u00e0 promouvoir la coop\u00e9ration entre les deux pays.<\/p>    <\/div>\n<\/div>\n<!-- \/module text -->        <\/div>\n                    <\/div>\n                <\/div>\n                        <\/div>\n        <\/div>\n        <\/div>\n<!--\/themify_builder_content-->","protected":false},"excerpt":{"rendered":"<p>Des comp\u00e9tences diverses, une passion : les relations franco-allemandes.<\/p>\n","protected":false},"author":1,"featured_media":0,"parent":0,"menu_order":0,"comment_status":"closed","ping_status":"closed","template":"","meta":{"footnotes":""},"class_list":["post-606","page","type-page","status-publish","hentry","has-post-title","has-post-date","has-post-category","has-post-tag","has-post-comment","has-post-author",""],"builder_content":"<p><strong>Des comp\u00e9tences diverses, une passion : les relations franco-allemandes.<\/strong><\/p>\n<p>Que ce soit dans la formation linguistique, dans l'enseignement sup\u00e9rieur ou dans la culture : Nous nous engageons tous \u00e0 diffuser la langue fran\u00e7aise et la culture francophone en Allemagne et \u00e0 promouvoir la coop\u00e9ration entre les deux pays.<\/p>","_links":{"self":[{"href":"https:\/\/ief-saarbruecken.eu\/fr\/wp-json\/wp\/v2\/pages\/606","targetHints":{"allow":["GET"]}}],"collection":[{"href":"https:\/\/ief-saarbruecken.eu\/fr\/wp-json\/wp\/v2\/pages"}],"about":[{"href":"https:\/\/ief-saarbruecken.eu\/fr\/wp-json\/wp\/v2\/types\/page"}],"author":[{"embeddable":true,"href":"https:\/\/ief-saarbruecken.eu\/fr\/wp-json\/wp\/v2\/users\/1"}],"replies":[{"embeddable":true,"href":"https:\/\/ief-saarbruecken.eu\/fr\/wp-json\/wp\/v2\/comments?post=606"}],"version-history":[{"count":0,"href":"https:\/\/ief-saarbruecken.eu\/fr\/wp-json\/wp\/v2\/pages\/606\/revisions"}],"wp:attachment":[{"href":"https:\/\/ief-saarbruecken.eu\/fr\/wp-json\/wp\/v2\/media?parent=606"}],"curies":[{"name":"wp","href":"https:\/\/api.w.org\/{rel}","templated":true}]}}